{"id":1384,"date":"2023-11-14T11:39:33","date_gmt":"2023-11-14T11:39:33","guid":{"rendered":"https:\/\/q3.southvision.de\/mietsystem\/"},"modified":"2024-08-13T08:23:29","modified_gmt":"2024-08-13T08:23:29","slug":"mietsystem","status":"publish","type":"page","link":"https:\/\/q3software.ch\/fr\/mietsystem\/","title":{"rendered":"Mietsystem"},"content":{"rendered":"    <section class=\"block-7-hero-2\" style=\" padding-top: 0rem; padding-bottom: 0rem;\">\n                        <div class=\"innerWrap\" style=\"background-image: url('https:\/\/q3software.ch\/wp-content\/uploads\/04-1920x903.jpg'); background-position-x: 39%; background-position-y: 31%;\">\n            <div class=\"container\">\n                <div class=\"textWrap\">\n                    <h1>Q3 syst\u00e8me de location<\/h1>\n                    <div class=\"sublineSliderWrap\">\n                                                        <div class=\"sublineWrap\">\n                                    au choix avec abonnement au demi-tarif                                <\/div>\n                                                <\/div>\n                <\/div>\n            <\/div>\n            <img decoding=\"async\" class=\"heroBG\" src=\"https:\/\/q3software.ch\/wp-content\/themes\/southvision\/assets\/images\/block-7-bg.svg\">\n        <\/div>\n    <\/section>\n\n\n    <section class=\"block-12-ueberschrift-trennlinie\" style=\" padding-top: 3rem; padding-bottom: 0rem;\">\n                <div class=\"container\">\n            <div class=\"row\">\n                <div class=\"col-xs-12 col-md-10 col-md-offset-1 col-lg-8 col-lg-offset-2\">\n                    <div class=\"headlineWrap\">\n                        <h2 style=\"text-align: center;\">Syst\u00e8me de location de logiciel Q3<\/h2>\n                    <\/div>\n                    <div class=\"sublineWrap\">\n                                            <\/div>\n                    <div class=\"textWrap\">\n                        <p>&nbsp;<br \/>\n<span style=\"text-align: center;\">Vous pouvez louer le logiciel Q3. La location comprend un support de premier niveau gratuit lors de l&rsquo;installation initiale, un cr\u00e9dit de support en fonction du programme lou\u00e9, le droit \u00e0 toutes les mises \u00e0 jour pendant la dur\u00e9e de la location et la possibilit\u00e9 de passer \u00e0 une version sup\u00e9rieure \u00e0 tout moment ou de louer des modules et des options suppl\u00e9mentaires.<\/span><br \/>\n&nbsp;<br \/>\n<span style=\"text-align: center;\">Six semaines avant la fin de la location, vous recevrez une facture pour le renouvellement de la location. Si vous ne souhaitez pas renouveler le contrat de location, veuillez nous en informer. Le renouvellement de la dur\u00e9e de location est toujours facultatif.<\/span><\/p>\n                    <\/div>\n                <\/div>\n            <\/div>\n        <\/div>\n    <\/section>\n\n\n    <section class=\"block-9-ueberschrift-blauer-hintergrund\" style=\" padding-top: rem; padding-bottom: rem;\">\n                <div class=\"headlineWrap\">\n            <div class=\"container\">\n                <div class=\"row\">\n                    <div class=\"col-xs-12 col-md-10 col-md-offset-1\">\n                        <h3 style=\"text-align: center;\">Nos options de location<\/h3>\n                    <\/div>\n                <\/div>\n            <\/div>\n        <\/div>\n            <\/section>\n\n\n    <section class=\"block-8-text-mehrspaltig\" style=\" padding-top: 0rem; padding-bottom: rem;\">\n                <div class=\"container\">\n                        <div class=\"flexRow\">\n                                        <div class=\"col-xs-12 col-lg-4 maTo3\">\n                            <div class=\"innerWrap\">\n                                                                            <div class=\"headlineWrap\">\n                                                                                                <h3>Location de 12 mois<\/h3>\n                                            <\/div>\n                                                                                <div class=\"textWrap\">\n                                            <p>Nos tarifs de location g\u00e9n\u00e9raux s&rsquo;appliquent lorsque vous signez un contrat de location de 12 mois.<\/p>\n<p>Tous les tarifs de location sont des prix nets, hors TVA.<\/p>\n<p>Apr\u00e8s chaque p\u00e9riode de 12 mois, vous \u00eates libre de choisir si vous souhaitez louer pour 12 mois suppl\u00e9mentaires, passer \u00e0 une autre variante de location ou ne pas renouveler le contrat de location.<\/p>\n                                        <\/div>\n                                                                    <\/div>\n                        <\/div>   \n                                                                    <div class=\"col-xs-12 col-lg-4 maTo3\">\n                            <div class=\"innerWrap\">\n                                                                            <div class=\"headlineWrap\">\n                                                                                                <h3>Location de 6 mois<\/h3>\n                                            <\/div>\n                                                                                <div class=\"textWrap\">\n                                            <p>\u00cates-vous encore ind\u00e9cis ou avez-vous besoin de votre liquidit\u00e9 ailleurs? Dans ce cas, optez pour une location de 6 mois.<\/p>\n<p>Apr\u00e8s 6 mois, vous \u00eates libre de choisir si vous souhaitez louer pour 6 mois suppl\u00e9mentaires, passer \u00e0 une autre variante de location ou ne pas renouveler le contrat de location.<\/p>\n<p>Pour la dur\u00e9e de contrat courte, nous appliquons un suppl\u00e9ment de 10%.<\/p>\n                                        <\/div>\n                                                                    <\/div>\n                        <\/div>   \n                                                                    <div class=\"col-xs-12 col-lg-4 maTo3\">\n                            <div class=\"innerWrap\">\n                                                                            <div class=\"headlineWrap\">\n                                                                                                <h3>Loc. d&rsquo;Investissement 12 mois<\/h3>\n                                            <\/div>\n                                                                                <div class=\"textWrap\">\n                                            <p>Vous envisagez \u00e0 long terme? Alors, la location d&rsquo;investissement est faite pour vous. Investissez une fois dans un abonnement demi-tarif, puis louez \u00e0 moiti\u00e9 prix en permanence et b\u00e9n\u00e9ficiez d&rsquo;un support \u00e0 tarif r\u00e9duit.<\/p>\n<p>Apr\u00e8s chaque p\u00e9riode de 12 mois, vous \u00eates libre de choisir si vous souhaitez louer pour 12 mois suppl\u00e9mentaires.<\/p>\n<p>L&rsquo;abonnement demi-tarif co\u00fbte 18 mois de location.<\/p>\n                                        <\/div>\n                                                                    <\/div>\n                        <\/div>   \n                                                        <\/div>\n            <div class=\"heroSliderWrap\">\n                <!-- Hier k\u00f6nnen Sie den Code f\u00fcr den Hero-Slider hinzuf\u00fcgen, falls erforderlich -->\n            <\/div>\n        <\/div>\n    <\/section>\n\n\n    <section class=\"block-9-ueberschrift-blauer-hintergrund\" style=\" padding-top: rem; padding-bottom: rem;\">\n                <div class=\"headlineWrap\">\n            <div class=\"container\">\n                <div class=\"row\">\n                    <div class=\"col-xs-12 col-md-10 col-md-offset-1\">\n                        <h3 style=\"text-align: center;\">Comparaison de la location &#8211; Location d&rsquo;investissement<\/h3>\n                    <\/div>\n                <\/div>\n            <\/div>\n        <\/div>\n                    <div class=\"textWrap\">\n                <div class=\"container\">\n                    <div class=\"row\">\n                        <div class=\"col-xs-12 col-md-10 col-md-offset-1\">\n                            <p style=\"text-align: center;\"><span style=\"text-align: center;\">Choisissez la meilleure option pour vous.<br \/>\nLe tableau ci-dessous devrait vous aider \u00e0 prendre votre d\u00e9cision.<\/span><\/p>\n                        <\/div>\n                    <\/div>\n                <\/div>\n            <\/div>\n            <\/section>\n\n\n    <section class=\"block-16-tabelle\" style=\" padding-top: 0rem; padding-bottom: rem;\">\n                <div class=\"container\">\n            <div class=\"row\">\n                <div class=\"col-xs-12 col-md-10 col-md-offset-1 col-lg-8 col-lg-offset-2\">\n                    <div class=\"tableWrap\">\n                        <table border=\"0\"><thead><tr><th>\nExemple Q3 Comptabilit\u00e9\/COFI standard<\/th><th>Location<\/th><th>Location d&rsquo;investissement<\/th><\/tr><\/thead><tbody><tr><td><span class=\"blueBox\">Loyer mensuel<\/span><\/td><td><span class=\"blueBox\">6.80 CHF<\/span><\/td><td><span class=\"blueBox\">3.40 CHF<\/span><\/td><\/tr><tr><td><span class=\"lightblueBox\">Loyer annuel<\/span><\/td><td><span class=\"lightblueBox\">81.60 CHF<\/span>\t<\/td><td><span class=\"lightblueBox\">40.80 CHF<\/span><\/td><\/tr><tr><td><span class=\"blueBox\">Investissement abo demi-tarif (seu. 1x)<\/span><\/td><td><span class=\"blueBox\">0.00 CHF<\/span><\/td><td><span class=\"blueBox\">122.40 CHF<\/span><\/td><\/tr><tr><td>Co\u00fbts totaux apr\u00e8s 1 an<\/td><td>81.60 CHF<\/td><td>163.20 CHF<\/td><\/tr><tr><td>Co\u00fbts totaux apr\u00e8s 2 ans<\/td><td>163.20 CHF\t<\/td><td>204.00 CHF<\/td><\/tr><tr><td><span class=\"redBox\">\t\nCo\u00fbts totaux apr\u00e8s 3 ans<\/span><\/td><td><span class=\"redBox\">244.80 CHF<\/span><\/td><td><span class=\"redBox\">244.80 CHF<\/span><\/td><\/tr><tr><td>Co\u00fbts totaux apr\u00e8s 4 ans<\/td><td>326.40 CHF\t<\/td><td>285.60 CHF<\/td><\/tr><tr><td>Co\u00fbts totaux apr\u00e8s 5 ans<\/td><td>408.00 CHF\t<\/td><td>326.40 CHF<\/td><\/tr><\/tbody><\/table>                    <\/div>\n                <\/div>\n            <\/div>\n        <\/div>\n    <\/section>\n\n\n    <section class=\"block-12-ueberschrift-trennlinie\" style=\" padding-top: 0rem; padding-bottom: rem;\">\n                <div class=\"container\">\n            <div class=\"row\">\n                <div class=\"col-xs-12 col-md-10 col-md-offset-1 col-lg-8 col-lg-offset-2\">\n                    <div class=\"headlineWrap\">\n                        <h3 style=\"text-align: center;\">Syst\u00e8me de location avec une grande flexibilit\u00e9<\/h3>\n                    <\/div>\n                    <div class=\"sublineWrap\">\n                                            <\/div>\n                    <div class=\"textWrap\">\n                        <p style=\"text-align: center;\">\u00cates-vous encore incertain de ce dont vous avez vraiment besoin? Notre syst\u00e8me de location est convivial et flexible:<\/p>\n<p style=\"text-align: center;\">Il est possible de passer \u00e0 une variante sup\u00e9rieure ou d&rsquo;ajouter des options \u00e0 tout moment.<\/p>\n<p style=\"text-align: center;\">Il est \u00e9galement possible de passer de la location \u00ab\u00a0normale\u00a0\u00bb \u00e0 la location d&rsquo;investissement \u00e0 tout moment.<\/p>\n<p style=\"text-align: center;\"><strong>Les frais de location d\u00e9j\u00e0 pay\u00e9s et non encore courus seront cr\u00e9dit\u00e9s!<\/strong><\/p>\n                    <\/div>\n                <\/div>\n            <\/div>\n        <\/div>\n    <\/section>\n\n\n    <section class=\"block-17-faq\" style=\" padding-top: 0rem; padding-bottom: rem;\">\n                <div class=\"container\">\n            <div class=\"headlineWrap\">\n                <h3 style=\"text-align: center;\">Foire aux questions<\/h3>\n\t\t\t<\/div>\n            <div class=\"panel-group\" id=\"accordion\" role=\"tablist\" aria-multiselectable=\"true\">\n\t\t\t\t<div class=\"row\">\n                                            <div class=\"col-xs-12\">\n                            <div class=\"panel panel-default\">\n                                <div class=\"panel-heading\" role=\"tab\" id=\"heading00\">\n                                    <a role=\"button\" class=\"collapsed\" data-toggle=\"collapse\"\n                                    href=\"#collapse00\" aria-expanded=\"true\"\n                                    aria-controls=\"collapse00\">\n                                        <div class=\"panel-title\">\n                                            Qu&rsquo;arrive-t-il lorsque la location est termin\u00e9e? Aurai-je toujours acc\u00e8s \u00e0 mes fichiers?                                        <\/div>\n                                    <\/a>\n                                <\/div>\n                                <div id=\"collapse00\"\n                                    class=\"panel-collapse collapse\" role=\"tabpanel\"\n                                    aria-labelledby=\"heading00\">\n                                    <div class=\"panel-body\">\n                                        <div class=\"textWrap\">\n                                            <p>Les donn\u00e9es existantes restent disponibles et peuvent toujours \u00eatre consult\u00e9es et export\u00e9es. Cependant, il ne sera pas possible de modifier, saisir de nouvelles donn\u00e9es ou les imprimer. Une fois que la location est renouvel\u00e9e, un acc\u00e8s complet aux donn\u00e9es est \u00e0 nouveau disponible sans restrictions.<\/p>\n                                        <\/div>\n                                    <\/div>\n                                <\/div>\n                            <\/div>\n                        <\/div>\n                                                <div class=\"col-xs-12\">\n                            <div class=\"panel panel-default\">\n                                <div class=\"panel-heading\" role=\"tab\" id=\"heading01\">\n                                    <a role=\"button\" class=\"collapsed\" data-toggle=\"collapse\"\n                                    href=\"#collapse01\" aria-expanded=\"true\"\n                                    aria-controls=\"collapse01\">\n                                        <div class=\"panel-title\">\n                                            Pourquoi n&rsquo;obtiens-je pas de r\u00e9duction lorsque je souhaite obtenir un nouveau programme? Je suis d\u00e9j\u00e0 client de Q3!                                        <\/div>\n                                    <\/a>\n                                <\/div>\n                                <div id=\"collapse01\"\n                                    class=\"panel-collapse collapse\" role=\"tabpanel\"\n                                    aria-labelledby=\"heading01\">\n                                    <div class=\"panel-body\">\n                                        <div class=\"textWrap\">\n                                            <p>Q3 n&rsquo;offre pas de rabais, chaque client est trait\u00e9 de mani\u00e8re \u00e9gale. Cependant, ceux qui ont achet\u00e9 un programme Q3 avant 2020 peuvent obtenir l&rsquo;abonnement demi-tarif pour le programme utilis\u00e9 jusqu&rsquo;\u00e0 pr\u00e9sent et les options d\u00e9j\u00e0 utilis\u00e9es \u00e0 un prix r\u00e9duit. Demandez une offre sans obligations!<\/p>\n                                        <\/div>\n                                    <\/div>\n                                <\/div>\n                            <\/div>\n                        <\/div>\n                                                <div class=\"col-xs-12\">\n                            <div class=\"panel panel-default\">\n                                <div class=\"panel-heading\" role=\"tab\" id=\"heading02\">\n                                    <a role=\"button\" class=\"collapsed\" data-toggle=\"collapse\"\n                                    href=\"#collapse02\" aria-expanded=\"true\"\n                                    aria-controls=\"collapse02\">\n                                        <div class=\"panel-title\">\n                                            Qu&rsquo;est-ce que l&rsquo;abonnement demi-tarif?                                        <\/div>\n                                    <\/a>\n                                <\/div>\n                                <div id=\"collapse02\"\n                                    class=\"panel-collapse collapse\" role=\"tabpanel\"\n                                    aria-labelledby=\"heading02\">\n                                    <div class=\"panel-body\">\n                                        <div class=\"textWrap\">\n                                            <p>L&rsquo;abonnement demi-tarif est un investissement similaire \u00e0 l&rsquo;abonnement demi-tarif des CFF. Cependant, l&rsquo;abonnement demi-tarif de Q3 n&rsquo;est pas seulement valable pour une p\u00e9riode limit\u00e9e (comme celui des CFF), mais illimit\u00e9 tant que la location est continue. Avec un abonnement demi-tarif valide, la location est \u00e0 moiti\u00e9 prix.<br \/>\nL&rsquo;abonnement demi-tarif doit \u00eatre acquis pour tous les composants utilis\u00e9s (modules, options). Le prix correspond \u00e0 18 fois le loyer mensuel et est payable une seule fois. La location avec un abonnement demi-tarif est rentable par rapport \u00e0 la location normale si elle est maintenue pendant plus de 3 ans.<br \/>\nL&rsquo;abonnement demi-tarif n&rsquo;est pas disponible pour Q3 Cloud et Q3 Servicetools, car il s&rsquo;agit de services.<\/p>\n                                        <\/div>\n                                    <\/div>\n                                <\/div>\n                            <\/div>\n                        <\/div>\n                                                <div class=\"col-xs-12\">\n                            <div class=\"panel panel-default\">\n                                <div class=\"panel-heading\" role=\"tab\" id=\"heading03\">\n                                    <a role=\"button\" class=\"collapsed\" data-toggle=\"collapse\"\n                                    href=\"#collapse03\" aria-expanded=\"true\"\n                                    aria-controls=\"collapse03\">\n                                        <div class=\"panel-title\">\n                                            Qu&rsquo;est-ce que cette location d&rsquo;investissement?                                        <\/div>\n                                    <\/a>\n                                <\/div>\n                                <div id=\"collapse03\"\n                                    class=\"panel-collapse collapse\" role=\"tabpanel\"\n                                    aria-labelledby=\"heading03\">\n                                    <div class=\"panel-body\">\n                                        <div class=\"textWrap\">\n                                            <p>La location d&rsquo;investissement est la location r\u00e9duite de 50%. Les clients qui ont achet\u00e9 un abonnement demi-tarif ont droit \u00e0 la location d&rsquo;investissement.<\/p>\n                                        <\/div>\n                                    <\/div>\n                                <\/div>\n                            <\/div>\n                        <\/div>\n                                                <div class=\"col-xs-12\">\n                            <div class=\"panel panel-default\">\n                                <div class=\"panel-heading\" role=\"tab\" id=\"heading04\">\n                                    <a role=\"button\" class=\"collapsed\" data-toggle=\"collapse\"\n                                    href=\"#collapse04\" aria-expanded=\"true\"\n                                    aria-controls=\"collapse04\">\n                                        <div class=\"panel-title\">\n                                            Que se passe-t-il si je ne paie pas \u00e0 temps?                                        <\/div>\n                                    <\/a>\n                                <\/div>\n                                <div id=\"collapse04\"\n                                    class=\"panel-collapse collapse\" role=\"tabpanel\"\n                                    aria-labelledby=\"heading04\">\n                                    <div class=\"panel-body\">\n                                        <div class=\"textWrap\">\n                                            <p>La location expire et le programme en informe. Les donn\u00e9es existantes restent accessibles mais ne peuvent plus \u00eatre modifi\u00e9es ou imprim\u00e9es, et aucune nouvelle donn\u00e9e ne peut \u00eatre saisie. Une fois le paiement re\u00e7u, vous recevrez un nouveau code de licence et pourrez reprendre votre travail comme d&rsquo;habitude. Une mise \u00e0 jour du programme n&rsquo;est pas obligatoire.<br \/>\nPour \u00e9viter les interruptions, vous recevrez une facture d&rsquo;offre 40 jours avant l&rsquo;expiration de la location. De plus, 20 jours avant l&rsquo;expiration de la location, vous recevrez un rappel du programme.<\/p>\n                                        <\/div>\n                                    <\/div>\n                                <\/div>\n                            <\/div>\n                        <\/div>\n                                                <div class=\"col-xs-12\">\n                            <div class=\"panel panel-default\">\n                                <div class=\"panel-heading\" role=\"tab\" id=\"heading05\">\n                                    <a role=\"button\" class=\"collapsed\" data-toggle=\"collapse\"\n                                    href=\"#collapse05\" aria-expanded=\"true\"\n                                    aria-controls=\"collapse05\">\n                                        <div class=\"panel-title\">\n                                            Que se passe-t-il si je ne veux pas passer \u00e0 la location pour mon programme existant (version 2019 et ant\u00e9rieure)?                                        <\/div>\n                                    <\/a>\n                                <\/div>\n                                <div id=\"collapse05\"\n                                    class=\"panel-collapse collapse\" role=\"tabpanel\"\n                                    aria-labelledby=\"heading05\">\n                                    <div class=\"panel-body\">\n                                        <div class=\"textWrap\">\n                                            <p>Vous pouvez continuer \u00e0 utiliser le programme. Malheureusement, nous ne pouvons plus fournir de support. Si vous souhaitez passer \u00e0 une nouvelle version, vous pouvez le faire sans perte de donn\u00e9es. Cependant, vous n&rsquo;avez plus droit \u00e0 un abonnement demi-tarif gratuit. Demandez une offre sans obligations!<\/p>\n                                        <\/div>\n                                    <\/div>\n                                <\/div>\n                            <\/div>\n                        <\/div>\n                        \t\t\t\t<\/div>\n\t\t\t<\/div>\n        <\/div>\n    <\/section>\n","protected":false},"excerpt":{"rendered":"","protected":false},"author":1,"featured_media":0,"parent":0,"menu_order":0,"comment_status":"closed","ping_status":"closed","template":"","meta":{"_acf_changed":false,"inline_featured_image":false,"footnotes":""},"class_list":["post-1384","page","type-page","status-publish","hentry"],"acf":[],"_links":{"self":[{"href":"https:\/\/q3software.ch\/fr\/wp-json\/wp\/v2\/pages\/1384","targetHints":{"allow":["GET"]}}],"collection":[{"href":"https:\/\/q3software.ch\/fr\/wp-json\/wp\/v2\/pages"}],"about":[{"href":"https:\/\/q3software.ch\/fr\/wp-json\/wp\/v2\/types\/page"}],"author":[{"embeddable":true,"href":"https:\/\/q3software.ch\/fr\/wp-json\/wp\/v2\/users\/1"}],"replies":[{"embeddable":true,"href":"https:\/\/q3software.ch\/fr\/wp-json\/wp\/v2\/comments?post=1384"}],"version-history":[{"count":71,"href":"https:\/\/q3software.ch\/fr\/wp-json\/wp\/v2\/pages\/1384\/revisions"}],"predecessor-version":[{"id":7135,"href":"https:\/\/q3software.ch\/fr\/wp-json\/wp\/v2\/pages\/1384\/revisions\/7135"}],"wp:attachment":[{"href":"https:\/\/q3software.ch\/fr\/wp-json\/wp\/v2\/media?parent=1384"}],"curies":[{"name":"wp","href":"https:\/\/api.w.org\/{rel}","templated":true}]}}