{"id":5969,"date":"2023-10-23T09:05:14","date_gmt":"2023-10-23T09:05:14","guid":{"rendered":"https:\/\/q3software.ch\/support-2\/"},"modified":"2025-11-10T13:58:27","modified_gmt":"2025-11-10T13:58:27","slug":"support","status":"publish","type":"page","link":"https:\/\/q3software.ch\/fr\/support\/","title":{"rendered":"Support"},"content":{"rendered":"    <section class=\"block-7-hero-2\" style=\" padding-top: 0rem; padding-bottom: 0rem;\">\n                        <div class=\"innerWrap\" style=\"background-image: url('https:\/\/q3software.ch\/wp-content\/uploads\/21-1920x903.jpg'); background-position-x: 50%; background-position-y: 50%;\">\n            <div class=\"container\">\n                <div class=\"textWrap\">\n                    <h1>Q3 Support<\/h1>\n                    <div class=\"sublineSliderWrap\">\n                                                        <div class=\"sublineWrap\">\n                                    Vos demandes sont notre motivation                                <\/div>\n                                                <\/div>\n                <\/div>\n            <\/div>\n            <img decoding=\"async\" class=\"heroBG\" src=\"https:\/\/q3software.ch\/wp-content\/themes\/southvision\/assets\/images\/block-7-bg.svg\">\n        <\/div>\n    <\/section>\n\n\n    <section class=\"block-12-ueberschrift-trennlinie\" style=\" padding-top: 0rem; padding-bottom: rem;\">\n                <div class=\"container\">\n            <div class=\"row\">\n                <div class=\"col-xs-12 col-md-10 col-md-offset-1 col-lg-8 col-lg-offset-2\">\n                    <div class=\"headlineWrap\">\n                        <h2 style=\"text-align: center;\">Nous sommes l\u00e0 pour vous<\/h2>\n                    <\/div>\n                    <div class=\"sublineWrap\">\n                        Notre \u00e9quipe d&rsquo;assistance vous aide volontiers au besoin.                    <\/div>\n                    <div class=\"textWrap\">\n                        <h2 style=\"text-align: center;\"><img loading=\"lazy\" decoding=\"async\" src=\"https:\/\/q3software.ch\/wp-content\/uploads\/2023\/10\/TechnischerSupport_Symbol-1-e1539526203877.png\" alt=\"Q3 Support\" width=\"27\" height=\"42\" \/>&nbsp; <a href=\"mailto:support@q3software.ch\">support@q3software.ch<\/a><\/h2>\n                    <\/div>\n                <\/div>\n            <\/div>\n        <\/div>\n    <\/section>\n\n\n    <section class=\"block-9-ueberschrift-blauer-hintergrund\" style=\" padding-top: 0rem; padding-bottom: rem;\">\n                <div class=\"headlineWrap\">\n            <div class=\"container\">\n                <div class=\"row\">\n                    <div class=\"col-xs-12 col-md-10 col-md-offset-1\">\n                        <h3 style=\"text-align: center;\">Important de savoir<\/h3>\n                    <\/div>\n                <\/div>\n            <\/div>\n        <\/div>\n            <\/section>\n\n\n    <section class=\"block-8-text-mehrspaltig\" style=\" padding-top: 0rem; padding-bottom: 4rem;\">\n                <div class=\"container\">\n                        <div class=\"flexRow\">\n                                        <div class=\"col-xs-12 col-lg-4 maTo3\">\n                            <div class=\"innerWrap\">\n                                                                            <div class=\"headlineWrap hasIcon\">\n                                                                                                    <div class=\"iconWrap\">\n                                                                                                                <img decoding=\"async\" src=\"https:\/\/q3software.ch\/wp-content\/uploads\/fileMedium.svg\" alt=\"\">\n                                                    <\/div>\n                                                                                                <h3>Conditions g\u00e9n\u00e9rales<\/h3>\n                                            <\/div>\n                                                                                <div class=\"textWrap\">\n                                            <p>Nous offrons un support exclusivement aux clients disposant d\u2019une licence de location en cours de validit\u00e9. Les demandes de support doivent \u00eatre envoy\u00e9es uniquement par e-mail \u00e0 l\u2019adresse suivante: <a href=\"mailto:support@q3software.ch\">support@q3software.ch<\/a>. Si vous travaillez avec une ancienne version du programme Q3, veuillez nous contacter \u00e0 <a href=\"mailto:support@q3software.ch\">info@q3software.ch<\/a>. Nous serons heureux de vous soumettre une offre pour passer \u00e0 une licence de location actuelle!<\/p>\n                                        <\/div>\n                                                                    <\/div>\n                        <\/div>   \n                                                                    <div class=\"col-xs-12 col-lg-4 maTo3\">\n                            <div class=\"innerWrap\">\n                                                                            <div class=\"headlineWrap hasIcon\">\n                                                                                                    <div class=\"iconWrap\">\n                                                                                                                <img decoding=\"async\" src=\"https:\/\/q3software.ch\/wp-content\/uploads\/UhrMedium.svg\" alt=\"\">\n                                                    <\/div>\n                                                                                                <h3>P\u00e9riode de rappel<\/h3>\n                                            <\/div>\n                                                                                <div class=\"textWrap\">\n                                            <p>Votre temps est pr\u00e9cieux, notre temps l\u2019est aussi.<br \/>\nC\u2019est pourquoi nous travaillons avec des p\u00e9riodes de rappel pour le support t\u00e9l\u00e9phonique.<br \/>\nVeuillez nous indiquer dans votre e-mail deux ou trois p\u00e9riodes de rappel pendant lesquels vous \u00eates joignable. Si n\u00e9cessaire, nous vous informerons de la p\u00e9riode de rappel attribu\u00e9 et vous rappellerons!<\/p>\n                                        <\/div>\n                                                                    <\/div>\n                        <\/div>   \n                                                                    <div class=\"col-xs-12 col-lg-4 maTo3\">\n                            <div class=\"innerWrap\">\n                                                                            <div class=\"headlineWrap hasIcon\">\n                                                                                                    <div class=\"iconWrap\">\n                                                                                                                <img decoding=\"async\" src=\"https:\/\/q3software.ch\/wp-content\/uploads\/PeopleMedium.svg\" alt=\"\">\n                                                    <\/div>\n                                                                                                <h3>Formation<\/h3>\n                                            <\/div>\n                                                                                <div class=\"textWrap\">\n                                            <p>Nous sommes sp\u00e9cialis\u00e9s dans le conseil et la formation personnalis\u00e9s. En g\u00e9n\u00e9ral, il est plus facile et plus efficace de dispenser une formation en ligne. Pour ce faire, nous utilisons le logiciel TeamViewer (acc\u00e8s \u00e0 distance). Ainsi, nous pouvons vous proposer une formation directement sur votre PC avec vos propres donn\u00e9es!<\/p>\n                                        <\/div>\n                                                                    <\/div>\n                        <\/div>   \n                                                        <\/div>\n            <div class=\"heroSliderWrap\">\n                <!-- Hier k\u00f6nnen Sie den Code f\u00fcr den Hero-Slider hinzuf\u00fcgen, falls erforderlich -->\n            <\/div>\n        <\/div>\n    <\/section>\n\n\n    <section class=\"block-3-freier-text\" style=\" padding-top: 0rem; padding-bottom: rem;\">\n                <div class=\"container\">\n            <div class=\"flexRow justCenter\">\n                <div class=\"col-xs-12 col-md-10 col-lg-9\">\n                    <div class=\"textWrap\">\n                        <p style=\"text-align: center;\"><a href=\"https:\/\/www.teamviewer.com\/link\/?url=505374&amp;id=54398393\" target=\"_blank\" rel=\"noopener\"><img loading=\"lazy\" decoding=\"async\" class=\"size-full wp-image-273 aligncenter\" src=\"https:\/\/q3software.ch\/wp-content\/uploads\/2023\/10\/TeamViewer-Button-200x40-1.png\" alt=\"\" width=\"200\" height=\"40\" \/><\/a><\/p>\n<p style=\"text-align: center; padding-top: 50px;\"><a class=\"ctaBtn\" href=\"https:\/\/q3software.ch\/wp-content\/uploads\/Q3_Support_en_detail.pdf\" target=\"_blank\" rel=\"noopener\">Q3 Support en d\u00e9tail<\/a><\/p>\n\t\n                    <\/div>\n                <\/div>\n            <\/div>\n        <\/div>\n    <\/section>\n","protected":false},"excerpt":{"rendered":"","protected":false},"author":1,"featured_media":0,"parent":0,"menu_order":0,"comment_status":"closed","ping_status":"closed","template":"","meta":{"_acf_changed":false,"inline_featured_image":false,"footnotes":""},"class_list":["post-5969","page","type-page","status-publish","hentry"],"acf":[],"_links":{"self":[{"href":"https:\/\/q3software.ch\/fr\/wp-json\/wp\/v2\/pages\/5969","targetHints":{"allow":["GET"]}}],"collection":[{"href":"https:\/\/q3software.ch\/fr\/wp-json\/wp\/v2\/pages"}],"about":[{"href":"https:\/\/q3software.ch\/fr\/wp-json\/wp\/v2\/types\/page"}],"author":[{"embeddable":true,"href":"https:\/\/q3software.ch\/fr\/wp-json\/wp\/v2\/users\/1"}],"replies":[{"embeddable":true,"href":"https:\/\/q3software.ch\/fr\/wp-json\/wp\/v2\/comments?post=5969"}],"version-history":[{"count":49,"href":"https:\/\/q3software.ch\/fr\/wp-json\/wp\/v2\/pages\/5969\/revisions"}],"predecessor-version":[{"id":7808,"href":"https:\/\/q3software.ch\/fr\/wp-json\/wp\/v2\/pages\/5969\/revisions\/7808"}],"wp:attachment":[{"href":"https:\/\/q3software.ch\/fr\/wp-json\/wp\/v2\/media?parent=5969"}],"curies":[{"name":"wp","href":"https:\/\/api.w.org\/{rel}","templated":true}]}}