{"id":6280,"date":"2023-12-01T13:49:31","date_gmt":"2023-12-01T13:49:31","guid":{"rendered":"https:\/\/q3software.ch\/?page_id=6280"},"modified":"2026-03-05T08:55:51","modified_gmt":"2026-03-05T08:55:51","slug":"exigences","status":"publish","type":"page","link":"https:\/\/q3software.ch\/fr\/exigences\/","title":{"rendered":"Systemanforderungen"},"content":{"rendered":"    <section class=\"block-9-ueberschrift-blauer-hintergrund\" style=\" padding-top: rem; padding-bottom: rem;\">\n                <div class=\"headlineWrap\">\n            <div class=\"container\">\n                <div class=\"row\">\n                    <div class=\"col-xs-12 col-md-10 col-md-offset-1\">\n                        <h3 style=\"text-align: center;\">EXIGENCES SYSTEME<\/h3>\n                    <\/div>\n                <\/div>\n            <\/div>\n        <\/div>\n                    <div class=\"textWrap\">\n                <div class=\"container\">\n                    <div class=\"row\">\n                        <div class=\"col-xs-12 col-md-10 col-md-offset-1\">\n                            <p style=\"text-align: center;\">Le logiciel Q3 fonctionne avec le syst\u00e8me d&rsquo;exploitation Windows, n\u00e9cessite peu de ressources et est largement ind\u00e9pendant des licences tierces. Aucun conflit avec d&rsquo;autres programmes n&rsquo;est connu.<\/p>\n                        <\/div>\n                    <\/div>\n                <\/div>\n            <\/div>\n            <\/section>\n\n\n    <section class=\"block-8-text-mehrspaltig\" style=\" padding-top: 0rem; padding-bottom: rem;\">\n                <div class=\"container\">\n                        <div class=\"flexRow\">\n                                        <div class=\"col-xs-12 col-lg-4 maTo3\">\n                            <div class=\"innerWrap\">\n                                                                            <div class=\"headlineWrap hasIcon\">\n                                                                                                    <div class=\"iconWrap\">\n                                                                                                                <img decoding=\"async\" src=\"https:\/\/q3software.ch\/wp-content\/uploads\/2023\/10\/Software_Download-2-e1539528121949.png\" alt=\"\">\n                                                    <\/div>\n                                                                                                <h3>Installation locale<\/h3>\n                                            <\/div>\n                                                                                <div class=\"textWrap\">\n                                            <ul>\n<li>Syst\u00e8me d&rsquo;exploitation : Windows 11<\/li>\n<li>R\u00e9solution minimale : 1024\u00d7768<\/li>\n<li>Espace de stockage requis : 50 Mo (hors donn\u00e9es)<\/li>\n<li>Travail hors ligne possible<\/li>\n<\/ul>\n<p><strong>Acc\u00e8s Internet requis pour :<\/strong><\/p>\n<ul>\n<li>Installation<\/li>\n<li>Mise \u00e0 jour (mettre \u00e0 jour la version)<\/li>\n<li>Sauvegardes sur le serveur Q3<\/li>\n<li>Q3 Mailer<\/li>\n<\/ul>\n                                        <\/div>\n                                                                    <\/div>\n                        <\/div>   \n                                                                    <div class=\"col-xs-12 col-lg-4 maTo3\">\n                            <div class=\"innerWrap\">\n                                                                            <div class=\"headlineWrap hasIcon\">\n                                                                                                    <div class=\"iconWrap\">\n                                                                                                                <img decoding=\"async\" src=\"https:\/\/q3software.ch\/wp-content\/uploads\/2023\/10\/Software_Download-2-e1539528121949.png\" alt=\"\">\n                                                    <\/div>\n                                                                                                <h3>Solution Q3 Cloud<\/h3>\n                                            <\/div>\n                                                                                <div class=\"textWrap\">\n                                            <ul>\n<li>Syst\u00e8me d&rsquo;exploitation : Windows 11<\/li>\n<li>R\u00e9solution minimale : 1024\u00d7768<\/li>\n<li>Espace de stockage requis : environ 20 Mo (logiciel client)<\/li>\n<li>Connexion Internet stable<\/li>\n<\/ul>\n                                        <\/div>\n                                                                    <\/div>\n                        <\/div>   \n                                                                    <div class=\"col-xs-12 col-lg-4 maTo3\">\n                            <div class=\"innerWrap\">\n                                                                            <div class=\"headlineWrap hasIcon\">\n                                                                                                    <div class=\"iconWrap\">\n                                                                                                                <img decoding=\"async\" src=\"https:\/\/q3software.ch\/wp-content\/uploads\/2023\/10\/Software_Download-2-e1539528121949.png\" alt=\"\">\n                                                    <\/div>\n                                                                                                <h3>Q3 et MAC<\/h3>\n                                            <\/div>\n                                                                                <div class=\"textWrap\">\n                                            <p>Vous pouvez utiliser le logiciel Q3 sur votre MAC gr\u00e2ce \u00e0 \u00abParallels\u00bb de Parallels International GmbH. Utilisez Windows et macOS\u00ae en parall\u00e8le (aucun red\u00e9marrage requis) sur votre ordinateur Mac.<\/p>\n<p>Pour des prix pr\u00e9cis et des informations compl\u00e9mentaires, veuillez visiter le site Web de <a href=\"https:\/\/www.parallels.com\/ch\/pd\/general\/?gclid=EAIaIQobChMI04H-_ZPG-gIVBed3Ch0HLg18EAAYASAAEgKqPfD_BwE\" target=\"_blank\" rel=\"noopener\">Parallels<\/a>.<\/p>\n<p>Avez-vous des questions ? Notre Q3 Infoline (031 511 49 49) est l\u00e0 pour vous aider!<\/p>\n                                        <\/div>\n                                                                    <\/div>\n                        <\/div>   \n                                                        <\/div>\n            <div class=\"heroSliderWrap\">\n                <!-- Hier k\u00f6nnen Sie den Code f\u00fcr den Hero-Slider hinzuf\u00fcgen, falls erforderlich -->\n            <\/div>\n        <\/div>\n    <\/section>\n","protected":false},"excerpt":{"rendered":"","protected":false},"author":2,"featured_media":0,"parent":0,"menu_order":0,"comment_status":"closed","ping_status":"closed","template":"","meta":{"_acf_changed":false,"inline_featured_image":false,"footnotes":""},"class_list":["post-6280","page","type-page","status-publish","hentry"],"acf":[],"_links":{"self":[{"href":"https:\/\/q3software.ch\/fr\/wp-json\/wp\/v2\/pages\/6280","targetHints":{"allow":["GET"]}}],"collection":[{"href":"https:\/\/q3software.ch\/fr\/wp-json\/wp\/v2\/pages"}],"about":[{"href":"https:\/\/q3software.ch\/fr\/wp-json\/wp\/v2\/types\/page"}],"author":[{"embeddable":true,"href":"https:\/\/q3software.ch\/fr\/wp-json\/wp\/v2\/users\/2"}],"replies":[{"embeddable":true,"href":"https:\/\/q3software.ch\/fr\/wp-json\/wp\/v2\/comments?post=6280"}],"version-history":[{"count":7,"href":"https:\/\/q3software.ch\/fr\/wp-json\/wp\/v2\/pages\/6280\/revisions"}],"predecessor-version":[{"id":8079,"href":"https:\/\/q3software.ch\/fr\/wp-json\/wp\/v2\/pages\/6280\/revisions\/8079"}],"wp:attachment":[{"href":"https:\/\/q3software.ch\/fr\/wp-json\/wp\/v2\/media?parent=6280"}],"curies":[{"name":"wp","href":"https:\/\/api.w.org\/{rel}","templated":true}]}}