{"id":6290,"date":"2023-12-01T13:49:49","date_gmt":"2023-12-01T13:49:49","guid":{"rendered":"https:\/\/q3software.ch\/?page_id=6290"},"modified":"2024-10-08T06:51:34","modified_gmt":"2024-10-08T06:51:34","slug":"cloud-2","status":"publish","type":"page","link":"https:\/\/q3software.ch\/fr\/cloud-2\/","title":{"rendered":"Cloud"},"content":{"rendered":"    <section class=\"block-7-hero-2\" style=\" padding-top: 0rem; padding-bottom: 0rem;\">\n                        <div class=\"innerWrap\" style=\"background-image: url('https:\/\/q3software.ch\/wp-content\/uploads\/17-1920x903.jpg'); background-position-x: 19%; background-position-y: 20%;\">\n            <div class=\"container\">\n                <div class=\"textWrap\">\n                    <h1>Q3 Software Cloud<\/h1>\n                    <div class=\"sublineSliderWrap\">\n                                                        <div class=\"sublineWrap\">\n                                    Libert\u00e9 qui pla\u00eet                                <\/div>\n                                                <\/div>\n                <\/div>\n            <\/div>\n            <img decoding=\"async\" class=\"heroBG\" src=\"https:\/\/q3software.ch\/wp-content\/themes\/southvision\/assets\/images\/block-7-bg.svg\">\n        <\/div>\n    <\/section>\n\n\n    <section class=\"block-8-text-mehrspaltig\" style=\" padding-top: 5rem; padding-bottom: 0rem;\">\n                <div class=\"container\">\n                        <div class=\"flexRow\">\n                                        <div class=\"col-xs-12 col-lg-4 maTo3\">\n                            <div class=\"innerWrap\">\n                                                                            <div class=\"headlineWrap hasIcon\">\n                                                                                                    <div class=\"iconWrap\">\n                                                                                                                <img decoding=\"async\" src=\"https:\/\/q3software.ch\/wp-content\/uploads\/Fremdwaehrungen-1.svg\" alt=\"\">\n                                                    <\/div>\n                                                                                                <h3>Ind\u00e9pendant du lieu<\/h3>\n                                            <\/div>\n                                                                                <div class=\"textWrap\">\n                                            <p>Travaillez de n&rsquo;importe o\u00f9. Au bureau, en d\u00e9placement, dans votre appartement de vacances&#8230;<\/p>\n<p>Vous pouvez acc\u00e9der facilement \u00e0 votre programme Q3 Cloud \u00e0 partir de plusieurs ordinateurs.<\/p>\n                                        <\/div>\n                                                                    <\/div>\n                        <\/div>   \n                                                                    <div class=\"col-xs-12 col-lg-4 maTo3\">\n                            <div class=\"innerWrap\">\n                                                                            <div class=\"headlineWrap hasIcon\">\n                                                                                                    <div class=\"iconWrap\">\n                                                                                                                <img decoding=\"async\" src=\"https:\/\/q3software.ch\/wp-content\/uploads\/UhrMedium.svg\" alt=\"\">\n                                                    <\/div>\n                                                                                                <h3>Disponible 24 h. sur 24<\/h3>\n                                            <\/div>\n                                                                                <div class=\"textWrap\">\n                                            <p>Si vous avez Internet, Q3 Cloud est \u00e9galement disponible &#8211; \u00e0 tout moment !<\/p>\n<p>Seuls les vendredis, il y a une courte p\u00e9riode de maintenance entre 12h45 et 13h00.<\/p>\n                                        <\/div>\n                                                                    <\/div>\n                        <\/div>   \n                                                                    <div class=\"col-xs-12 col-lg-4 maTo3\">\n                            <div class=\"innerWrap\">\n                                                                            <div class=\"headlineWrap hasIcon\">\n                                                                                                    <div class=\"iconWrap\">\n                                                                                                                <img decoding=\"async\" src=\"https:\/\/q3software.ch\/wp-content\/uploads\/thumb-upMedium.svg\" alt=\"\">\n                                                    <\/div>\n                                                                                                <h3>changement facile<\/h3>\n                                            <\/div>\n                                                                                <div class=\"textWrap\">\n                                            <p>Si vous disposez d&rsquo;une licence locale, vous pouvez passer \u00e0 tout moment vers le cloud sans perdre de donn\u00e9es!<\/p>\n<p>L&rsquo;interface reste identique &#8211; vous n&rsquo;avez pas besoin de vous habituer \u00e0 une nouvelle!<\/p>\n                                        <\/div>\n                                                                    <\/div>\n                        <\/div>   \n                                                        <\/div>\n            <div class=\"heroSliderWrap\">\n                <!-- Hier k\u00f6nnen Sie den Code f\u00fcr den Hero-Slider hinzuf\u00fcgen, falls erforderlich -->\n            <\/div>\n        <\/div>\n    <\/section>\n\n\n    <section class=\"block-9-ueberschrift-blauer-hintergrund\" style=\" padding-top: rem; padding-bottom: rem;\">\n                <div class=\"headlineWrap\">\n            <div class=\"container\">\n                <div class=\"row\">\n                    <div class=\"col-xs-12 col-md-10 col-md-offset-1\">\n                        <h3 style=\"text-align: center;\">Le Q3 Software Cloud<\/h3>\n                    <\/div>\n                <\/div>\n            <\/div>\n        <\/div>\n                    <div class=\"textWrap\">\n                <div class=\"container\">\n                    <div class=\"row\">\n                        <div class=\"col-xs-12 col-md-10 col-md-offset-1\">\n                            <p style=\"text-align: center;\">Tous les programmes Q3 peuvent \u00eatre utilis\u00e9s soit localement (poste de travail individuel ou solution en r\u00e9seau), soit dans le Cloud Q3 d\u00e9di\u00e9. Un passage de l&rsquo;installation locale au Cloud (et vice versa) est possible \u00e0 tout moment sans perte de donn\u00e9es.<\/p>\n<p style=\"text-align: center;\">L&rsquo;utilisation du programme reste toujours la m\u00eame : pendant l&rsquo;utilisation d&rsquo;un programme Q3, il n&rsquo;est pas perceptible s&rsquo;il est utilis\u00e9 dans le Cloud ou localement. Seule une indication dans l&rsquo;en-t\u00eate du programme indique s&rsquo;il s&rsquo;agit d&rsquo;une utilisation dans le Cloud.<\/p>\n<p class=\"Text\" style=\"text-align: center;\">La plupart des clients appr\u00e9cient une r\u00e9activit\u00e9 nettement plus rapide apr\u00e8s avoir migr\u00e9 vers le Cloud Q3 &#8211; en particulier s&rsquo;ils utilisaient auparavant un support de donn\u00e9es en r\u00e9seau localement.<\/p>\n                        <\/div>\n                    <\/div>\n                <\/div>\n            <\/div>\n            <\/section>\n\n\n    <section class=\"block-9-ueberschrift-blauer-hintergrund\" style=\" padding-top: rem; padding-bottom: rem;\">\n                <div class=\"headlineWrap\">\n            <div class=\"container\">\n                <div class=\"row\">\n                    <div class=\"col-xs-12 col-md-10 col-md-offset-1\">\n                        <h3 style=\"text-align: center;\">S\u00e9curit\u00e9<\/h3>\n                    <\/div>\n                <\/div>\n            <\/div>\n        <\/div>\n                    <div class=\"textWrap\">\n                <div class=\"container\">\n                    <div class=\"row\">\n                        <div class=\"col-xs-12 col-md-10 col-md-offset-1\">\n                            <p style=\"text-align: center;\">Q3 Cloud est h\u00e9berg\u00e9 sur des serveurs dans un centre de donn\u00e9es Microsoft (situ\u00e9 en Suisse).<\/p>\n<p style=\"text-align: center;\">Pour prot\u00e9ger l&rsquo;application Q3 Cloud ainsi que toutes les donn\u00e9es contre les pannes mat\u00e9rielles impr\u00e9vues, Microsoft effectue une r\u00e9plication automatique des donn\u00e9es avec \u00ab\u00a0Azure Storage\u00a0\u00bb.<\/p>\n<p style=\"text-align: center;\">Des sauvegardes sont automatiquement cr\u00e9\u00e9es chaque jour, que nous pouvons restaurer pour vous \u00e0 tout moment. Les sauvegardes des 7 derniers jours, des 4 derni\u00e8res semaines, des 12 derniers mois et une sauvegarde des 10 derni\u00e8res ann\u00e9es ne sont pas supprim\u00e9es.<\/p>\n<p style=\"text-align: center;\">Vous souhaitez encore plus de s\u00e9curit\u00e9 ? Effectuez \u00e9galement des sauvegardes p\u00e9riodiques sur votre ordinateur local ou sur un support de stockage local!<\/p>\n<p style=\"text-align: center;\">\n                        <\/div>\n                    <\/div>\n                <\/div>\n            <\/div>\n            <\/section>\n\n\n    <section class=\"block-9-ueberschrift-blauer-hintergrund\" style=\" padding-top: rem; padding-bottom: rem;\">\n                <div class=\"headlineWrap\">\n            <div class=\"container\">\n                <div class=\"row\">\n                    <div class=\"col-xs-12 col-md-10 col-md-offset-1\">\n                        <h3 style=\"text-align: center;\">Le co\u00fbt de Q3 Software Cloud&#8230;<\/h3>\n                    <\/div>\n                <\/div>\n            <\/div>\n        <\/div>\n                    <div class=\"textWrap\">\n                <div class=\"container\">\n                    <div class=\"row\">\n                        <div class=\"col-xs-12 col-md-10 col-md-offset-1\">\n                            <p style=\"text-align: center;\">Vous trouverez une vue d&rsquo;ensemble compl\u00e8te de nos tarifs de location sous Liste de prix.<\/p>\n<p style=\"text-align: center;\">Encore plus simple : demandez une offre sans engagement pour votre choix de produit personnel!<\/p>\n                        <\/div>\n                    <\/div>\n                <\/div>\n            <\/div>\n            <\/section>\n\n\n    <section class=\"block-3-freier-text\" style=\" padding-top: 0rem; padding-bottom: rem;\">\n                <div class=\"container\">\n            <div class=\"flexRow justCenter\">\n                <div class=\"col-xs-12 col-md-10 col-lg-9\">\n                    <div class=\"textWrap\">\n                        <p style=\"text-align: center;\"><a class=\"ctaBtn\" href=\"\/wp-content\/uploads\/Q3-liste-des-prix.pdf\" target=\"_blank\" rel=\"noopener\">Liste de prix<\/a><\/p>\n<p>&nbsp;<\/p>\n<p style=\"text-align: center;\"><a class=\"ctaBtn\" href=\"https:\/\/q3software.ch\/offerte-anfragen\/\">Demander offre<\/a><\/p>\n<p style=\"text-align: center;\"><span class=\"redFont\">\u00e9galement possible par e-mail: <a href=\"mailto:info@q3software.ch\">info@q3software.ch<\/a><\/span><\/p>\n\t\n                    <\/div>\n                <\/div>\n            <\/div>\n        <\/div>\n    <\/section>\n","protected":false},"excerpt":{"rendered":"","protected":false},"author":2,"featured_media":0,"parent":0,"menu_order":0,"comment_status":"closed","ping_status":"closed","template":"","meta":{"_acf_changed":false,"inline_featured_image":false,"footnotes":""},"class_list":["post-6290","page","type-page","status-publish","hentry"],"acf":[],"_links":{"self":[{"href":"https:\/\/q3software.ch\/fr\/wp-json\/wp\/v2\/pages\/6290","targetHints":{"allow":["GET"]}}],"collection":[{"href":"https:\/\/q3software.ch\/fr\/wp-json\/wp\/v2\/pages"}],"about":[{"href":"https:\/\/q3software.ch\/fr\/wp-json\/wp\/v2\/types\/page"}],"author":[{"embeddable":true,"href":"https:\/\/q3software.ch\/fr\/wp-json\/wp\/v2\/users\/2"}],"replies":[{"embeddable":true,"href":"https:\/\/q3software.ch\/fr\/wp-json\/wp\/v2\/comments?post=6290"}],"version-history":[{"count":20,"href":"https:\/\/q3software.ch\/fr\/wp-json\/wp\/v2\/pages\/6290\/revisions"}],"predecessor-version":[{"id":7263,"href":"https:\/\/q3software.ch\/fr\/wp-json\/wp\/v2\/pages\/6290\/revisions\/7263"}],"wp:attachment":[{"href":"https:\/\/q3software.ch\/fr\/wp-json\/wp\/v2\/media?parent=6290"}],"curies":[{"name":"wp","href":"https:\/\/api.w.org\/{rel}","templated":true}]}}