{"id":661,"date":"2023-10-23T08:50:47","date_gmt":"2023-10-23T08:50:47","guid":{"rendered":"https:\/\/q3.southvision.de\/q3-software\/"},"modified":"2023-10-27T14:13:09","modified_gmt":"2023-10-27T14:13:09","slug":"q3-software","status":"publish","type":"page","link":"https:\/\/q3software.ch\/fr\/","title":{"rendered":"Q3 Software"},"content":{"rendered":"    <section class=\"block-1-hero\" style=\" padding-top: 0rem; padding-bottom: 0rem;\">\n                <div class=\"container\">\n            <div class=\"heroSliderWrap\">\n                                        <div class=\"innerWrap\"\n                             style=\"background-image: url('https:\/\/q3software.ch\/wp-content\/uploads\/2023\/10\/Bern.jpg'); background-position-x: 50%; background-position-y: 30%;\">\n                            <div class=\"textWrap\">\n                                <h2 style=\"text-align: center;\">Q3 Software<\/h2>\n<p style=\"text-align: center;\">L&rsquo;architecture logicielle de la vieille ville de Berne d\u00e9veloppe depuis plus de 30 ans des logiciels suisse\u00a0 pour la comptabilit\u00e9 et l&rsquo;administration. Nous convainquons nos clients toujours avec plaisir de nouveau &#8211; et vous?<\/p>\n                            <\/div>\n                        <\/div>\n                                <\/div>\n        <\/div>\n    <\/section>\n\n\n    <section class=\"block-3-freier-text\" style=\" padding-top: 3rem; padding-bottom: rem;\">\n                <div class=\"container\">\n            <div class=\"flexRow justCenter\">\n                <div class=\"col-xs-12 col-md-10 col-lg-9\">\n                    <div class=\"textWrap\">\n                        <p style=\"text-align: center;\"><span class=\"redFont\">Notre site Web est seulement disponible de mani\u00e8re limit\u00e9 \u00e0 cause de la maintenance.<\/span><br \/>\n<span class=\"redFont\">D\u00e9sirez-vous des informations concernant nos produits? Appelez notre Infoline: 031 511 49 49<\/span><\/p>\n<p>&nbsp;<\/p>\n<h1 style=\"text-align: center;\">Q3 Software &#8211; logiciels Suisse depuis plus de 30 ans!<\/h1>\n<p style=\"text-align: center;\">Les Q3 produits ont une conception modulaire: Utilisez pr\u00e9cis\u00e9ment autant de Software qu\u2019il vous faut. En ce qui concerne les produits int\u00e9gr\u00e9s, configurez vous-m\u00eame lesquels des modules vous d\u00e9sirez d\u2019utiliser dans une combinaison intelligente. Produits uniques et produits pour l\u2019usage priv\u00e9 sont d\u00e9j\u00e0 configur\u00e9s au pr\u00e9alable. De mani\u00e8re \u00e0 ce que vous trouvez rapidement le produit de votre choix.<\/p>\n\t\n                    <\/div>\n                <\/div>\n            <\/div>\n        <\/div>\n    <\/section>\n\n\n    <section class=\"block-2-bild-und-text\" style=\" padding-top: 0rem; padding-bottom: rem;\">\n                <div class=\"container\">\n            <h2 style=\"text-align: center;\">Produits int\u00e9gr\u00e9s<\/h2>\n<p>&nbsp;<\/p>\n            <div class=\"flexRow\">\n                                        <div class=\"col-xs-12 col-md-6 col-lg-3 maTo6\">\n                            <div class=\"innerWrap\">\n                                <div>\n                                    <div class=\"imgWrap\">\n                                                                                <img decoding=\"async\" src=\"https:\/\/q3software.ch\/wp-content\/uploads\/2023\/10\/maus.svg\" alt=\"\">\n                                    <\/div>\n                                    <div class=\"textWrap\">\n                                        <h3 style=\"text-align: center;\">Q3 Software ERP<\/h3>\n<p style=\"text-align: center;\">Efficacit\u00e9 maximale au poste de travail &#8211; configurable individuellement<\/p>\n                                    <\/div>\n                                <\/div>\n                                                            <\/div>\n                        <\/div>\n                                            <div class=\"col-xs-12 col-md-6 col-lg-3 maTo6\">\n                            <div class=\"innerWrap\">\n                                <div>\n                                    <div class=\"imgWrap\">\n                                                                                <img decoding=\"async\" src=\"https:\/\/q3software.ch\/wp-content\/uploads\/2023\/10\/hand.svg\" alt=\"\">\n                                    <\/div>\n                                    <div class=\"textWrap\">\n                                        <h3 style=\"text-align: center;\">Q3 Software fiduciaire<\/h3>\n<p style=\"text-align: center;\">L&rsquo;offensive suisse fiduciaire &#8211; au choix dans la cloud<\/p>\n                                    <\/div>\n                                <\/div>\n                                                            <\/div>\n                        <\/div>\n                                            <div class=\"col-xs-12 col-md-6 col-lg-3 maTo6\">\n                            <div class=\"innerWrap\">\n                                <div>\n                                    <div class=\"imgWrap\">\n                                                                                <img decoding=\"async\" src=\"https:\/\/q3software.ch\/wp-content\/uploads\/2023\/10\/people.svg\" alt=\"\">\n                                    <\/div>\n                                    <div class=\"textWrap\">\n                                        <h3 style=\"text-align: center;\">Q3 Software Association<\/h3>\n<p style=\"text-align: center;\">Solution compl\u00e8te avec comptabilit\u00e9 et gestion des membres &#8211; peut \u00eatre mis en pratique imm\u00e9diatement!<\/p>\n                                    <\/div>\n                                <\/div>\n                                                            <\/div>\n                        <\/div>\n                                            <div class=\"col-xs-12 col-md-6 col-lg-3 maTo6\">\n                            <div class=\"innerWrap\">\n                                <div>\n                                    <div class=\"imgWrap\">\n                                                                                <img decoding=\"async\" src=\"https:\/\/q3software.ch\/wp-content\/uploads\/2023\/10\/stift.svg\" alt=\"\">\n                                    <\/div>\n                                    <div class=\"textWrap\">\n                                        <h3 style=\"text-align: center;\">Q3 Software Ecole<\/h3>\n<p style=\"text-align: center;\">Efficacit\u00e9 sans efforts dans l&rsquo;adiministration scolaire<\/p>\n                                    <\/div>\n                                <\/div>\n                                                            <\/div>\n                        <\/div>\n                                <\/div>\n        <\/div>\n    <\/section>\n\n\n    <section class=\"block-2-bild-und-text\" style=\" padding-top: 0rem; padding-bottom: rem;\">\n                <div class=\"container\">\n            <h2 style=\"text-align: center;\">Produits individuels<\/h2>\n<p>&nbsp;<\/p>\n            <div class=\"flexRow\">\n                                        <div class=\"col-xs-12 col-md-6 col-lg-3 maTo6\">\n                            <div class=\"innerWrap\">\n                                <div>\n                                    <div class=\"imgWrap\">\n                                                                                <img decoding=\"async\" src=\"https:\/\/q3software.ch\/wp-content\/uploads\/2023\/10\/rechner.svg\" alt=\"\">\n                                    <\/div>\n                                    <div class=\"textWrap\">\n                                        <h3 style=\"text-align: center;\">Q3 Comptabilit\u00e9\/COFI<\/h3>\n<p style=\"text-align: center;\">Misez sur la qualit\u00e9 suisse &#8211; avec le logiciel de comptabilit\u00e9 Q3!<\/p>\n                                    <\/div>\n                                <\/div>\n                                                            <\/div>\n                        <\/div>\n                                            <div class=\"col-xs-12 col-md-6 col-lg-3 maTo6\">\n                            <div class=\"innerWrap\">\n                                <div>\n                                    <div class=\"imgWrap\">\n                                                                                <img decoding=\"async\" src=\"https:\/\/q3software.ch\/wp-content\/uploads\/2023\/10\/schwein.svg\" alt=\"\">\n                                    <\/div>\n                                    <div class=\"textWrap\">\n                                        <h3 style=\"text-align: center;\">Q3 Salaire<\/h3>\n<p style=\"text-align: center;\">G\u00e9rer les salaires de mani\u00e8re simple, rapide et s\u00fbr!<\/p>\n                                    <\/div>\n                                <\/div>\n                                                            <\/div>\n                        <\/div>\n                                            <div class=\"col-xs-12 col-md-6 col-lg-3 maTo6\">\n                            <div class=\"innerWrap\">\n                                <div>\n                                    <div class=\"imgWrap\">\n                                                                                <img decoding=\"async\" src=\"https:\/\/q3software.ch\/wp-content\/uploads\/2023\/10\/checkbuch.svg\" alt=\"\">\n                                    <\/div>\n                                    <div class=\"textWrap\">\n                                        <h3 style=\"text-align: center;\">Q3 Facture<\/h3>\n<p style=\"text-align: center;\">Logiciel de facturation avec contr\u00f4le des d\u00e9biteurs int\u00e9gr\u00e9 et factures QR!<\/p>\n                                    <\/div>\n                                <\/div>\n                                                            <\/div>\n                        <\/div>\n                                            <div class=\"col-xs-12 col-md-6 col-lg-3 maTo6\">\n                            <div class=\"innerWrap\">\n                                <div>\n                                    <div class=\"imgWrap\">\n                                                                                <img decoding=\"async\" src=\"https:\/\/q3software.ch\/wp-content\/uploads\/2023\/10\/schein.svg\" alt=\"\">\n                                    <\/div>\n                                    <div class=\"textWrap\">\n                                        <h3 style=\"text-align: center;\">Q3 Cr\u00e9ancier<\/h3>\n<p style=\"text-align: center;\">Gestion des cr\u00e9anciers &#8211; incl. transactions financi\u00e8res, fonction de stockage et gestion des commandes.<\/p>\n                                    <\/div>\n                                <\/div>\n                                                            <\/div>\n                        <\/div>\n                                            <div class=\"col-xs-12 col-md-6 col-lg-3 maTo6\">\n                            <div class=\"innerWrap\">\n                                <div>\n                                    <div class=\"imgWrap\">\n                                                                                <img decoding=\"async\" src=\"https:\/\/q3software.ch\/wp-content\/uploads\/2023\/10\/balken.svg\" alt=\"\">\n                                    <\/div>\n                                    <div class=\"textWrap\">\n                                        <h3 style=\"text-align: center;\">Q3 Adresse<\/h3>\n<p style=\"text-align: center;\">G\u00e9rer les adresses de mani\u00e8re facile!<\/p>\n                                    <\/div>\n                                <\/div>\n                                                            <\/div>\n                        <\/div>\n                                            <div class=\"col-xs-12 col-md-6 col-lg-3 maTo6\">\n                            <div class=\"innerWrap\">\n                                <div>\n                                    <div class=\"imgWrap\">\n                                                                                <img decoding=\"async\" src=\"https:\/\/q3software.ch\/wp-content\/uploads\/2023\/10\/uhr.svg\" alt=\"\">\n                                    <\/div>\n                                    <div class=\"textWrap\">\n                                        <h3 style=\"text-align: center;\">Q3 Saisie des heures<\/h3>\n<p style=\"text-align: center;\">Le contr\u00f4le du temps de travail efficace!<\/p>\n                                    <\/div>\n                                <\/div>\n                                                            <\/div>\n                        <\/div>\n                                            <div class=\"col-xs-12 col-md-6 col-lg-3 maTo6\">\n                            <div class=\"innerWrap\">\n                                <div>\n                                    <div class=\"imgWrap\">\n                                                                                <img decoding=\"async\" src=\"https:\/\/q3software.ch\/wp-content\/uploads\/2023\/10\/punkte.svg\" alt=\"\">\n                                    <\/div>\n                                    <div class=\"textWrap\">\n                                        <h3 style=\"text-align: center;\">Q3 Planificateur des absences<\/h3>\n<p style=\"text-align: center;\">Le contr\u00f4le des vacances et absences \u00e0 la taille de votre entreprise<\/p>\n                                    <\/div>\n                                <\/div>\n                                                            <\/div>\n                        <\/div>\n                                            <div class=\"col-xs-12 col-md-6 col-lg-3 maTo6\">\n                            <div class=\"innerWrap\">\n                                <div>\n                                    <div class=\"imgWrap\">\n                                                                                <img decoding=\"async\" src=\"https:\/\/q3software.ch\/wp-content\/uploads\/2023\/10\/munzen.svg\" alt=\"\">\n                                    <\/div>\n                                    <div class=\"textWrap\">\n                                        <h3 style=\"text-align: center;\">Q3 Paiement<\/h3>\n<p style=\"text-align: center;\">Confortable et efficace \u2013 contr\u00f4ler les paiements \u00e0 l&rsquo;aide du logiciel Q3 Paiement!<\/p>\n                                    <\/div>\n                                <\/div>\n                                                            <\/div>\n                        <\/div>\n                                <\/div>\n        <\/div>\n    <\/section>\n\n\n    <section class=\"block-2-bild-und-text\" style=\" padding-top: 0rem; padding-bottom: rem;\">\n                <div class=\"container\">\n            <h2 style=\"text-align: center;\">Utilisation priv\u00e9<\/h2>\n<p>&nbsp;<\/p>\n            <div class=\"flexRow\">\n                                        <div class=\"col-xs-12 col-md-6 col-lg-3 maTo6\">\n                            <div class=\"innerWrap\">\n                                <div>\n                                    <div class=\"imgWrap\">\n                                                                                <img decoding=\"async\" src=\"https:\/\/q3software.ch\/wp-content\/uploads\/2023\/10\/rechner.svg\" alt=\"\">\n                                    <\/div>\n                                    <div class=\"textWrap\">\n                                        <h3 style=\"text-align: center;\">Q3 Comptabilit\u00e9\/COFI<\/h3>\n<p style=\"text-align: center;\">Misez sur la qualit\u00e9 suisse &#8211; avec le logiciel de comptabilit\u00e9 Q3!<\/p>\n                                    <\/div>\n                                <\/div>\n                                                            <\/div>\n                        <\/div>\n                                            <div class=\"col-xs-12 col-md-6 col-lg-3 maTo6\">\n                            <div class=\"innerWrap\">\n                                <div>\n                                    <div class=\"imgWrap\">\n                                                                                <img decoding=\"async\" src=\"https:\/\/q3software.ch\/wp-content\/uploads\/2023\/10\/sessel.svg\" alt=\"\">\n                                    <\/div>\n                                    <div class=\"textWrap\">\n                                        <h3 style=\"text-align: center;\">Q3 M\u00e9nage<\/h3>\n<p style=\"text-align: center;\">Simplement plus d&rsquo;argent \u00e0 la fin du mois &#8211; Q3 M\u00e9nage vous aide \u00e0 y arriver!<\/p>\n                                    <\/div>\n                                <\/div>\n                                                            <\/div>\n                        <\/div>\n                                            <div class=\"col-xs-12 col-md-6 col-lg-3 maTo6\">\n                            <div class=\"innerWrap\">\n                                <div>\n                                    <div class=\"imgWrap\">\n                                                                                <img decoding=\"async\" src=\"https:\/\/q3software.ch\/wp-content\/uploads\/2023\/10\/balken.svg\" alt=\"\">\n                                    <\/div>\n                                    <div class=\"textWrap\">\n                                        <h3 style=\"text-align: center;\">Q3 Adresse<\/h3>\n<p style=\"text-align: center;\">G\u00e9rer les adresses de mani\u00e8re facile!<\/p>\n                                    <\/div>\n                                <\/div>\n                                                            <\/div>\n                        <\/div>\n                                            <div class=\"col-xs-12 col-md-6 col-lg-3 maTo6\">\n                            <div class=\"innerWrap\">\n                                <div>\n                                    <div class=\"imgWrap\">\n                                                                                <img decoding=\"async\" src=\"https:\/\/q3software.ch\/wp-content\/uploads\/2023\/10\/munzen.svg\" alt=\"\">\n                                    <\/div>\n                                    <div class=\"textWrap\">\n                                        <h3 style=\"text-align: center;\">Q3 Paiement<\/h3>\n<p style=\"text-align: center;\">Confortable et efficace \u2013 contr\u00f4ler les paiements \u00e0 l&rsquo;aide du logiciel Q3 Paiement!<\/p>\n                                    <\/div>\n                                <\/div>\n                                                            <\/div>\n                        <\/div>\n                                <\/div>\n        <\/div>\n    <\/section>\n","protected":false},"excerpt":{"rendered":"","protected":false},"author":1,"featured_media":0,"parent":0,"menu_order":0,"comment_status":"closed","ping_status":"closed","template":"","meta":{"_acf_changed":false,"inline_featured_image":false,"footnotes":""},"class_list":["post-661","page","type-page","status-publish","hentry"],"acf":[],"_links":{"self":[{"href":"https:\/\/q3software.ch\/fr\/wp-json\/wp\/v2\/pages\/661","targetHints":{"allow":["GET"]}}],"collection":[{"href":"https:\/\/q3software.ch\/fr\/wp-json\/wp\/v2\/pages"}],"about":[{"href":"https:\/\/q3software.ch\/fr\/wp-json\/wp\/v2\/types\/page"}],"author":[{"embeddable":true,"href":"https:\/\/q3software.ch\/fr\/wp-json\/wp\/v2\/users\/1"}],"replies":[{"embeddable":true,"href":"https:\/\/q3software.ch\/fr\/wp-json\/wp\/v2\/comments?post=661"}],"version-history":[{"count":38,"href":"https:\/\/q3software.ch\/fr\/wp-json\/wp\/v2\/pages\/661\/revisions"}],"predecessor-version":[{"id":714,"href":"https:\/\/q3software.ch\/fr\/wp-json\/wp\/v2\/pages\/661\/revisions\/714"}],"wp:attachment":[{"href":"https:\/\/q3software.ch\/fr\/wp-json\/wp\/v2\/media?parent=661"}],"curies":[{"name":"wp","href":"https:\/\/api.w.org\/{rel}","templated":true}]}}