{"id":7243,"date":"2023-12-01T13:50:11","date_gmt":"2023-12-01T13:50:11","guid":{"rendered":"https:\/\/q3software.ch\/?page_id=7243"},"modified":"2024-10-07T13:34:41","modified_gmt":"2024-10-07T13:34:41","slug":"uber-q3","status":"publish","type":"page","link":"https:\/\/q3software.ch\/fr\/uber-q3\/","title":{"rendered":"\u00dcber Q3"},"content":{"rendered":"    <section class=\"block-7-hero-2\" style=\" padding-top: 0rem; padding-bottom: 0rem;\">\n                        <div class=\"innerWrap\" style=\"background-image: url('https:\/\/q3software.ch\/wp-content\/uploads\/Haushalt-B-1920x510.png'); background-position-x: 47%; background-position-y: 50%;\">\n            <div class=\"container\">\n                <div class=\"textWrap\">\n                    <h1>Q3 Software<\/h1>\n                    <div class=\"sublineSliderWrap\">\n                                                        <div class=\"sublineWrap\">\n                                    Chez soi dans la vieille ville de Berne                                <\/div>\n                                                <\/div>\n                <\/div>\n            <\/div>\n            <img decoding=\"async\" class=\"heroBG\" src=\"https:\/\/q3software.ch\/wp-content\/themes\/southvision\/assets\/images\/block-7-bg.svg\">\n        <\/div>\n    <\/section>\n\n\n    <section class=\"block-12-ueberschrift-trennlinie\" style=\" padding-top: 0rem; padding-bottom: 0rem;\">\n                <div class=\"container\">\n            <div class=\"row\">\n                <div class=\"col-xs-12 col-md-10 col-md-offset-1 col-lg-8 col-lg-offset-2\">\n                    <div class=\"headlineWrap\">\n                        <h3 style=\"text-align: center;\">Pourquoi Q3<\/h3>\n                    <\/div>\n                    <div class=\"sublineWrap\">\n                                            <\/div>\n                    <div class=\"textWrap\">\n                        <p style=\"text-align: center;\">Cons\u00e9quent simple: Vous n&rsquo;avez pas besoin de rendre la vie plus compliqu\u00e9e qu&rsquo;elle ne l&rsquo;est. Cela vaut particuli\u00e8rement pour l&rsquo;administration et les finances. L&rsquo;ordinateur peut \u00eatre une grande aide, mais uniquement si le logiciel est pr\u00e9cis\u00e9ment adapt\u00e9 aux besoins des utilisateurs.<\/p>\n<p style=\"text-align: center;\">C&rsquo;est cet objectif que poursuit Q3 Software AG depuis plus de 35 ans! Plus de 125 000 installations en Suisse: Nos clients appr\u00e9cient les solutions modernes et pratiques, garanties de qualit\u00e9 suisse \u00e9prouv\u00e9e, et peuvent compter sur notre support personnalis\u00e9 et comp\u00e9tent.<\/p>\n<p style=\"text-align: center;\">Aujourd&rsquo;hui et \u00e0 l&rsquo;avenir, nous nous engageons \u00e0 rendre votre travail aussi simple et agr\u00e9able que possible. Notre approche globale ne se limite pas aux solutions logicielles : Q3 Software AG s&rsquo;engage \u00e9galement pour l&rsquo;environnement, par exemple en investissant dans l&rsquo;\u00e9nergie solaire.<\/p>\n<p style=\"text-align: center;\">Roland Scheidegger, Fondateur et propri\u00e9taire de Q3 Software SA<\/p>\n                    <\/div>\n                <\/div>\n            <\/div>\n        <\/div>\n    <\/section>\n\n\n    <section class=\"block-9-ueberschrift-blauer-hintergrund\" style=\" padding-top: rem; padding-bottom: 0rem;\">\n                <div class=\"headlineWrap\">\n            <div class=\"container\">\n                <div class=\"row\">\n                    <div class=\"col-xs-12 col-md-10 col-md-offset-1\">\n                        <p style=\"text-align: center;\"><strong>Q3 en un coup d&rsquo;oeil<\/strong><\/p>\n                    <\/div>\n                <\/div>\n            <\/div>\n        <\/div>\n                    <div class=\"textWrap\">\n                <div class=\"container\">\n                    <div class=\"row\">\n                        <div class=\"col-xs-12 col-md-10 col-md-offset-1\">\n                            <p>La soci\u00e9t\u00e9 Q3 Software SA propose des solutions optimales de bureau et de comptabilit\u00e9 pour les petites et moyennes entreprises, les associations, les f\u00e9d\u00e9rations et coop\u00e9ratives, les ind\u00e9pendants ainsi que les d\u00e9partements autonomes de grandes entreprises.  <\/p>\n<p style=\"text-align: center;\">Q3 Software SA est une entreprise dirig\u00e9e par son propri\u00e9taire, sp\u00e9cialis\u00e9e dans le d\u00e9veloppement et la production de logiciels de qualit\u00e9 efficaces \u2013 utilis\u00e9s des milliers de fois. Cela garantit des solutions modernes et pratiques, avec la qualit\u00e9 suisse \u00e9prouv\u00e9e.<\/p>\n                        <\/div>\n                    <\/div>\n                <\/div>\n            <\/div>\n            <\/section>\n\n\n    <section class=\"block-9-ueberschrift-blauer-hintergrund\" style=\" padding-top: rem; padding-bottom: rem;\">\n                <div class=\"headlineWrap\">\n            <div class=\"container\">\n                <div class=\"row\">\n                    <div class=\"col-xs-12 col-md-10 col-md-offset-1\">\n                        <p style=\"text-align: center;\"><strong>Gamme Q3<\/strong><\/p>\n                    <\/div>\n                <\/div>\n            <\/div>\n        <\/div>\n                    <div class=\"textWrap\">\n                <div class=\"container\">\n                    <div class=\"row\">\n                        <div class=\"col-xs-12 col-md-10 col-md-offset-1\">\n                            <p style=\"text-align: center;\">La gamme Q3 comprend des programmes pour la comptabilit\u00e9, les paiements, la gestion des salaires, la gestion des commandes, la facturation, la gestion des stocks, la gestion du temps et la gestion des adresses.<\/p>\n<p style=\"text-align: center;\">Les programmes Q3 sont modulaires : utilisez exactement le logiciel dont vous avez besoin. Pour les produits int\u00e9gr\u00e9s, vous configurez vous-m\u00eame les modules que vous souhaitez utiliser en synergie intelligente.<\/p>\n<p style=\"text-align: center;\">Les produits individuels et les produits pour une utilisation priv\u00e9e sont pr\u00e9configur\u00e9s pour vous permettre de trouver rapidement le produit de votre choix.<\/p>\n<p style=\"text-align: center;\">Chaque programme Q3 est disponible en quatre versions (standard, advanced, profi, premium) et peut \u00eatre compl\u00e9t\u00e9 par diverses options performantes.<\/p>\n<p>&nbsp;<\/p>\n<p style=\"text-align: center;\"><a class=\"ctaBtn\" href=\"https:\/\/q3software.ch\/fr\/downloads\/\">La gamme Q3 en d\u00e9tail<\/a><\/p>\n                        <\/div>\n                    <\/div>\n                <\/div>\n            <\/div>\n            <\/section>\n\n\n    <section class=\"block-9-ueberschrift-blauer-hintergrund\" style=\" padding-top: 0rem; padding-bottom: 0rem;\">\n                <div class=\"headlineWrap\">\n            <div class=\"container\">\n                <div class=\"row\">\n                    <div class=\"col-xs-12 col-md-10 col-md-offset-1\">\n                        <p style=\"text-align: center;\"><strong>Continuit\u00e9 Q3<\/strong><\/p>\n                    <\/div>\n                <\/div>\n            <\/div>\n        <\/div>\n                    <div class=\"textWrap\">\n                <div class=\"container\">\n                    <div class=\"row\">\n                        <div class=\"col-xs-12 col-md-10 col-md-offset-1\">\n                            <p style=\"text-align: center;\">Tous les programmes Q3 sont compatibles entre eux en termes de donn\u00e9es. Ainsi, il est facile de commencer avec un programme simple et abordable, puis de passer \u00e0 une version plus compl\u00e8te ou un produit plus performant selon vos besoins.<\/p>\n<p style=\"text-align: center;\">Nous ne facturons que la diff\u00e9rence de prix. Le loyer d\u00e9j\u00e0 pay\u00e9 pour la version plus petite est d\u00e9duit.<\/p>\n<p style=\"text-align: center;\">Le passage \u00e0 une version plus grande et l&rsquo;ajout de modules et options suppl\u00e9mentaires peuvent se faire \u00e0 tout moment, sans perte de donn\u00e9es. Contactez-nous pour un conseil sans engagement: 031 511 49 49.<\/p>\n                        <\/div>\n                    <\/div>\n                <\/div>\n            <\/div>\n            <\/section>\n\n\n    <section class=\"block-9-ueberschrift-blauer-hintergrund\" style=\" padding-top: rem; padding-bottom: rem;\">\n                <div class=\"headlineWrap\">\n            <div class=\"container\">\n                <div class=\"row\">\n                    <div class=\"col-xs-12 col-md-10 col-md-offset-1\">\n                        <p style=\"text-align: center;\"><strong>Technologie Q3<\/strong><\/p>\n                    <\/div>\n                <\/div>\n            <\/div>\n        <\/div>\n                    <div class=\"textWrap\">\n                <div class=\"container\">\n                    <div class=\"row\">\n                        <div class=\"col-xs-12 col-md-10 col-md-offset-1\">\n                            <p style=\"text-align: center;\">Tous les programmes Q3 sont compatibles en r\u00e9seau, sans exigences particuli\u00e8res en mati\u00e8re de mat\u00e9riel. Il suffit qu&rsquo;un lecteur r\u00e9seau soit disponible.<\/p>\n<p style=\"text-align: center;\">Souhaitez-vous acc\u00e9der \u00e0 vos donn\u00e9es depuis n&rsquo;importe o\u00f9? Avec le logiciel Q3, c&rsquo;est \u00e9galement possible! Avec l&rsquo;option \u00ab\u00a0Q3 Cloud\u00a0\u00bb, vous pouvez acc\u00e9der \u00e0 vos donn\u00e9es via une connexion Internet \u2013 de n&rsquo;importe o\u00f9 dans le monde, ou du moins depuis votre mobile ou votre r\u00e9sidence de vacances.<\/p>\n<p>&nbsp;<\/p>\n<p style=\"text-align: center;\"><a class=\"ctaBtn\" href=\"https:\/\/q3software.ch\/fr\/exigences\/\">Exigences syst\u00e8me Q3<\/a><\/p>\n                        <\/div>\n                    <\/div>\n                <\/div>\n            <\/div>\n            <\/section>\n","protected":false},"excerpt":{"rendered":"","protected":false},"author":2,"featured_media":0,"parent":0,"menu_order":0,"comment_status":"closed","ping_status":"closed","template":"","meta":{"_acf_changed":false,"inline_featured_image":false,"footnotes":""},"class_list":["post-7243","page","type-page","status-publish","hentry"],"acf":[],"_links":{"self":[{"href":"https:\/\/q3software.ch\/fr\/wp-json\/wp\/v2\/pages\/7243","targetHints":{"allow":["GET"]}}],"collection":[{"href":"https:\/\/q3software.ch\/fr\/wp-json\/wp\/v2\/pages"}],"about":[{"href":"https:\/\/q3software.ch\/fr\/wp-json\/wp\/v2\/types\/page"}],"author":[{"embeddable":true,"href":"https:\/\/q3software.ch\/fr\/wp-json\/wp\/v2\/users\/2"}],"replies":[{"embeddable":true,"href":"https:\/\/q3software.ch\/fr\/wp-json\/wp\/v2\/comments?post=7243"}],"version-history":[{"count":5,"href":"https:\/\/q3software.ch\/fr\/wp-json\/wp\/v2\/pages\/7243\/revisions"}],"predecessor-version":[{"id":7252,"href":"https:\/\/q3software.ch\/fr\/wp-json\/wp\/v2\/pages\/7243\/revisions\/7252"}],"wp:attachment":[{"href":"https:\/\/q3software.ch\/fr\/wp-json\/wp\/v2\/media?parent=7243"}],"curies":[{"name":"wp","href":"https:\/\/api.w.org\/{rel}","templated":true}]}}