{"id":728,"date":"2023-10-23T09:05:27","date_gmt":"2023-10-23T09:05:27","guid":{"rendered":"https:\/\/q3.southvision.de\/downloads\/"},"modified":"2025-12-18T13:20:04","modified_gmt":"2025-12-18T13:20:04","slug":"downloads","status":"publish","type":"page","link":"https:\/\/q3software.ch\/fr\/downloads\/","title":{"rendered":"Downloads"},"content":{"rendered":"    <section class=\"block-4-downloads\" style=\" padding-top: 3rem; padding-bottom: rem;\">\n                <div class=\"container\">\n                        <div class=\"flexRow\">\n                                        <div class=\"col-xs-12 col-md-6 col-lg-3 maTo6\">\n                            <div class=\"innerWrap\">\n                                <h2 class=\"text-center\">Logiciels Q3 Software<\/h2>\n                                <div class=\"imgWrap\">\n                                                                        <img decoding=\"async\" src=\"https:\/\/q3software.ch\/wp-content\/uploads\/2023\/10\/Software_Download-2-e1539528121949.png\" alt=\"\">\n                                <\/div>\n                                <div class=\"textWrap\">\n                                    <p style=\"text-align: center;\"><span class=\"redFont\"><strong>Versions actuelles<\/strong><\/span><\/p>\n<p style=\"text-align: center;\"><span class=\"blueFont\"><a href=\"https:\/\/q3software.ch\/wp-content\/uploads\/Q3Setup.zip\" target=\"_blank\" rel=\"noopener\">Version 2026 (rel. 717p)<\/a><br \/>\n<\/span><a href=\"https:\/\/q3software.ch\/wp-content\/uploads\/Q3Setup.zip\" target=\"_blank\" rel=\"noopener\">Version d&rsquo;essai<\/a><br \/>\n<a href=\"https:\/\/q3software.ch\/wp-content\/uploads\/Q3SoftwareCloud.zip\" target=\"_blank\" rel=\"noopener\">Client Q3 Cloud<\/a><\/p>\n<p style=\"text-align: center;\">Le programme d\u2019installation contient tous les Q3 logiciels.<br \/>\nLe choix s\u2019effectue pendant l\u2019installation.<\/p>\n<p>&nbsp;<\/p>\n<h3 style=\"text-align: center;\">Q3 Aide-m\u00e9moire<\/h3>\n<p style=\"text-align: center;\"><a href=\"https:\/\/q3software.ch\/wp-content\/uploads\/2023\/10\/Q3_Aide-memoire_installation_mise_a_jour.pdf\" target=\"_blank\" rel=\"noopener\">Installation mise \u00e0 jour<\/a><br \/>\n<a href=\"https:\/\/q3software.ch\/wp-content\/uploads\/Q3_Aide-memoire_update_installation_20xx.pdf\" target=\"_blank\" rel=\"noopener\">Installation mise \u00e0 jour 20xx<\/a><br \/>\n<a href=\"https:\/\/q3software.ch\/wp-content\/uploads\/2023\/10\/Q3_Aide-memoire_rapprochement_de_comptes_camt.053.pdf\" target=\"_blank\" rel=\"noopener\">Rapprochement camt.053<\/a><br \/>\n<a href=\"https:\/\/q3software.ch\/wp-content\/uploads\/2023\/10\/Q3_Aide-memoire_transmettre_les_decomptes_TVA_par_voie_electronique.pdf\" target=\"_blank\" rel=\"noopener\">Soumettre le d\u00e9compte TVA<\/a><br \/>\n<a href=\"https:\/\/q3software.ch\/wp-content\/uploads\/2023\/10\/Q3_Aide-memoire_utilisateurs.pdf\" target=\"_blank\" rel=\"noopener\">Utilisateurs<\/a><br \/>\n<a href=\"https:\/\/q3software.ch\/wp-content\/uploads\/Q3_Aide-memoire_changement_fiscal_tva_2024.pdf\" target=\"_blank\" rel=\"noopener\">Augmentation des taux TVA 2024<\/a><br \/>\n<a href=\"https:\/\/q3software.ch\/wp-content\/uploads\/2023\/10\/Q3_Aide-memoire_factures_QR_avec_Q3_Software.pdf\" target=\"_blank\" rel=\"noopener\">QR-factures avec Q3 Software<\/a><br \/>\n<a href=\"https:\/\/q3software.ch\/wp-content\/uploads\/Q3_Aide-memoire_qr_facturation_association.pdf\" target=\"_blank\" rel=\"noopener\">QR-facturation (association)<\/a><br \/>\n<a href=\"https:\/\/q3software.ch\/wp-content\/uploads\/2023\/10\/Q3_Aide-memoire_bulletin_de_versement_QR_avec_Q3_Adresse.pdf\" target=\"_blank\" rel=\"noopener\">Bulletins de versement QR avec Q3 Adresse<\/a><\/p>\n                                <\/div>\n                            <\/div>\n                        <\/div>\n                                            <div class=\"col-xs-12 col-md-6 col-lg-3 maTo6\">\n                            <div class=\"innerWrap\">\n                                <h2 class=\"text-center\">Manuels &#038; instructions<\/h2>\n                                <div class=\"imgWrap\">\n                                                                        <img decoding=\"async\" src=\"https:\/\/q3software.ch\/wp-content\/uploads\/2023\/10\/Manual_Download-1-e1539528153576.png\" alt=\"\">\n                                <\/div>\n                                <div class=\"textWrap\">\n                                    <p style=\"text-align: center;\"><a href=\"https:\/\/q3software.ch\/wp-content\/uploads\/2023\/10\/Manuel_Q3_QuickStart.pdf\" target=\"_blank\" rel=\"noopener\"><span class=\"redFont\"><strong>Q3 QuickStart<\/strong><\/span><\/a><\/p>\n<p>&nbsp;<\/p>\n<h3 style=\"text-align: center;\">Modules<\/h3>\n<p style=\"text-align: center;\"><a href=\"https:\/\/q3software.ch\/wp-content\/uploads\/2023\/10\/Manuel_Q3_module_Adresse.pdf\" target=\"_blank\" rel=\"noopener\">Q3 module Adresse<\/a><br \/>\n<a href=\"https:\/\/q3software.ch\/wp-content\/uploads\/2023\/10\/Manuel_Q3_module_COFI_-comptabilite_en_partie_double.pdf\" target=\"_blank\" rel=\"noopener\">Q3 module comptabilit\u00e9\/COFI<\/a><br \/>\n<a href=\"https:\/\/q3software.ch\/wp-content\/uploads\/2023\/10\/Manuel_Q3_module_Creancier.pdf\" target=\"_blank\" rel=\"noopener\">Q3 module Cr\u00e9ancier<\/a><br \/>\n<a href=\"https:\/\/q3software.ch\/wp-content\/uploads\/2023\/10\/Manuel_Q3_module_Facture.pdf\" target=\"_blank\" rel=\"noopener\">Q3 module Facture<\/a><br \/>\n<a href=\"https:\/\/q3software.ch\/wp-content\/uploads\/2023\/10\/Manuel_Q3_module_COFI_livre_de_caisse.pdf\" target=\"_blank\" rel=\"noopener\">Q3 module livre de caisse<\/a><br \/>\n<a href=\"https:\/\/q3software.ch\/wp-content\/uploads\/2023\/10\/Manuel_Q3_module_Paiement.pdf\" target=\"_blank\" rel=\"noopener\">Q3 module Paiement<\/a><br \/>\n<a href=\"https:\/\/q3software.ch\/wp-content\/uploads\/2023\/10\/Manuel_Q3_module_Planificateur_des_absences.pdf\" target=\"_blank\" rel=\"noopener\">Q3 module planificateur des absences<\/a><br \/>\n<a href=\"https:\/\/q3software.ch\/wp-content\/uploads\/2023\/10\/Manuel_Q3_module_Saisie_des_heures.pdf\" target=\"_blank\" rel=\"noopener\">Q3 module Saisie des heures<\/a><br \/>\n<a href=\"https:\/\/q3software.ch\/wp-content\/uploads\/Manuel_Q3_module_Salaire.pdf\" target=\"_blank\" rel=\"noopener\">Q3 module Salaire<\/a><\/p>\n<p>&nbsp;<\/p>\n<h3 style=\"text-align: center;\">Produits et options<\/h3>\n<p style=\"text-align: center;\"><a href=\"https:\/\/q3software.ch\/wp-content\/uploads\/Manuel_option_Q3_Mailer.pdf\" target=\"_blank\" rel=\"noopener\">Q3 option Mailer<\/a><br \/>\n<a href=\"https:\/\/q3software.ch\/wp-content\/uploads\/2023\/10\/Manuel_Q3_Menage.pdf\" target=\"_blank\" rel=\"noopener\">Q3 M\u00e9nage<\/a><\/p>\n<p>&nbsp;<\/p>\n<h3 style=\"text-align: center;\">Documents<\/h3>\n<p style=\"text-align: center;\"><a href=\"https:\/\/q3software.ch\/wp-content\/uploads\/Q3-liste-des-prix.pdf\" target=\"_blank\" rel=\"noopener\">Liste de prix<\/a><\/p>\n                                <\/div>\n                            <\/div>\n                        <\/div>\n                                            <div class=\"col-xs-12 col-md-6 col-lg-3 maTo6\">\n                            <div class=\"innerWrap\">\n                                <h2 class=\"text-center\">Br\u00e8ves introductions<\/h2>\n                                <div class=\"imgWrap\">\n                                                                        <img decoding=\"async\" src=\"https:\/\/q3software.ch\/wp-content\/uploads\/2023\/10\/Einfuehrungen_Download-670x991.jpg\" alt=\"\">\n                                <\/div>\n                                <div class=\"textWrap\">\n                                    <h3 style=\"text-align: center;\">Modules<\/h3>\n<p style=\"text-align: center;\"><a href=\"https:\/\/q3software.ch\/wp-content\/uploads\/Introduction-Q3-module-Adresse.pdf\" target=\"_blank\" rel=\"noopener\">Q3 module Adresse<\/a><br \/>\n<a href=\"https:\/\/q3software.ch\/wp-content\/uploads\/Introduction-Q3-module-COFI.pdf\" target=\"_blank\" rel=\"noopener\">Q3 module comptabilit\u00e9\/COFI<\/a><br \/>\n<a href=\"https:\/\/q3software.ch\/wp-content\/uploads\/Introduction_Q3_module_COFI_livre_de_caisse.pdf\" target=\"_blank\" rel=\"noopener\">Q3 module COFI (livre de caisse)<\/a><br \/>\n<a href=\"https:\/\/q3software.ch\/wp-content\/uploads\/Introduction-Q3-module-creancier.pdf\" target=\"_blank\" rel=\"noopener\">Q3 module Cr\u00e9ancier<\/a><br \/>\n<a href=\"https:\/\/q3software.ch\/wp-content\/uploads\/Introduction-Q3-module-Facture.pdf\" target=\"_blank\" rel=\"noopener\">Q3 module Facture<\/a><br \/>\n<a href=\"https:\/\/q3software.ch\/wp-content\/uploads\/Introduction-Q3-module-Paiement.pdf\" target=\"_blank\" rel=\"noopener\">Q3 module Paiement<\/a><br \/>\n<a href=\"https:\/\/q3software.ch\/wp-content\/uploads\/Introduction-Q3-module-Planificateur-d-absences.pdf\" target=\"_blank\" rel=\"noopener\">Q3 module Planificateur des absences<\/a><br \/>\n<a href=\"https:\/\/q3software.ch\/wp-content\/uploads\/Introduction-Q3-module-Saisie-des-heures.pdf\" target=\"_blank\" rel=\"noopener\">Q3 module Saisie des heures<\/a><br \/>\n<a href=\"https:\/\/q3software.ch\/wp-content\/uploads\/Introduction-Q3-module-Salaire.pdf\" target=\"_blank\" rel=\"noopener\">Q3 module Salaire<\/a><\/p>\n<p>&nbsp;<\/p>\n<h3 style=\"text-align: center;\">Options<\/h3>\n<p style=\"text-align: center;\"><a href=\"https:\/\/q3software.ch\/wp-content\/uploads\/Introduction_option_Q3_Abonnements.pdf\" target=\"_blank\" rel=\"noopener\">Q3 Abonnements<\/a><br \/>\n<a href=\"https:\/\/q3software.ch\/wp-content\/uploads\/Introduction_option_Q3_Centre_de_couts.pdf\" target=\"_blank\" rel=\"noopener\">Q3 Centre de co\u00fbts<\/a><br \/>\n<a href=\"https:\/\/q3software.ch\/wp-content\/uploads\/Introduction-Q3-Controlcenter.pdf\" target=\"_blank\" rel=\"noopener\">Q3 Controlcenter<\/a><br \/>\n<a href=\"https:\/\/q3software.ch\/wp-content\/uploads\/Introduction_option_Q3_CRM.pdf\" target=\"_blank\" rel=\"noopener\">Q3 CRM<\/a><br \/>\n<a href=\"https:\/\/q3software.ch\/wp-content\/uploads\/Introduction-option-Q3-Droits-d-utilisateur.pdf\" target=\"_blank\" rel=\"noopener\">Q3 Droits d\u2019utilisateur<\/a><br \/>\n<a href=\"https:\/\/q3software.ch\/wp-content\/uploads\/2023\/10\/Introduction_option_Q3_Information.pdf\" target=\"_blank\" rel=\"noopener\">Q3 Information<\/a><br \/>\n<a href=\"https:\/\/q3software.ch\/wp-content\/uploads\/Introduction-option-Q3-Mailer.pdf\" target=\"_blank\" rel=\"noopener\">Q3 Mailer<\/a><br \/>\n<a href=\"https:\/\/q3software.ch\/wp-content\/uploads\/Introduction_option_Q3_Mandants.pdf\" target=\"_blank\" rel=\"noopener\">Q3 Mandants<\/a><br \/>\n<a href=\"https:\/\/q3software.ch\/wp-content\/uploads\/Introduction-option-Q3-Monnaie-etrangere.pdf\" target=\"_blank\" rel=\"noopener\">Q3 Monnaie \u00e9trang\u00e8re<\/a><br \/>\n<a href=\"https:\/\/q3software.ch\/wp-content\/uploads\/Introduction_option_Q3_Outils_de_service.pdf\" target=\"_blank\" rel=\"noopener\">Q3 Outils de service<\/a><br \/>\n<a href=\"https:\/\/q3software.ch\/wp-content\/uploads\/2023\/10\/Introduction_option_Q3_Outil_statistique.pdf\" target=\"_blank\" rel=\"noopener\">Q3 Outil statistique<\/a><br \/>\n<a href=\"https:\/\/q3software.ch\/wp-content\/uploads\/Introduction-Q3-Signer.pdf\" target=\"_blank\" rel=\"noopener\">Q3 Signer<\/a><\/p>\n                                <\/div>\n                            <\/div>\n                        <\/div>\n                                            <div class=\"col-xs-12 col-md-6 col-lg-3 maTo6\">\n                            <div class=\"innerWrap\">\n                                <h2 class=\"text-center\">Comparaison des variantes<\/h2>\n                                <div class=\"imgWrap\">\n                                                                        <img decoding=\"async\" src=\"https:\/\/q3software.ch\/wp-content\/uploads\/2023\/10\/Vergleich_Download-1-e1539528192688.png\" alt=\"\">\n                                <\/div>\n                                <div class=\"textWrap\">\n                                    <p style=\"text-align: center;\">Tous les Q3 logiciels sont disponible dans quatre variantes diff\u00e9rentes (niveaux de performance).<\/p>\n<h3 style=\"text-align: center;\">Modules<\/h3>\n<p style=\"text-align: center;\"><a href=\"https:\/\/q3software.ch\/wp-content\/uploads\/2023\/10\/Comparaison_des_variantes_Q3_module_Adresse.pdf\" target=\"_blank\" rel=\"noopener\">Q3 module Adresse<\/a><br \/>\n<a href=\"https:\/\/q3software.ch\/wp-content\/uploads\/2023\/10\/Comparaison_des_variantes_Q3_module_COFI.pdf\" target=\"_blank\" rel=\"noopener\">Q3 module comptabilit\u00e9\/COFI<\/a><br \/>\n<a href=\"https:\/\/q3software.ch\/wp-content\/uploads\/2023\/10\/Comparaison_des_variantes_Q3_module_Creancier.pdf\" target=\"_blank\" rel=\"noopener\">Q3 module Cr\u00e9ancier<\/a><br \/>\n<a href=\"https:\/\/q3software.ch\/wp-content\/uploads\/Comparaison_des_variantes_Q3_module_Facture.pdf\" target=\"_blank\" rel=\"noopener\">Q3 module Facture<\/a><br \/>\n<a href=\"https:\/\/q3software.ch\/wp-content\/uploads\/2023\/10\/Comparaison_des_variantes_Q3_module_Paiement.pdf\" target=\"_blank\" rel=\"noopener\">Q3 module Paiement<\/a><br \/>\n<a href=\"https:\/\/q3software.ch\/wp-content\/uploads\/2023\/10\/Q3_comparaison_des_variantes_module_Salaire.pdf\" target=\"_blank\" rel=\"noopener\">Q3 module Salaire<\/a><\/p>\n<p>&nbsp;<\/p>\n<h3 style=\"text-align: center;\">Produits et options<\/h3>\n<p style=\"text-align: center;\"><a href=\"https:\/\/q3software.ch\/wp-content\/uploads\/2023\/10\/Comparaison_des_variantes_Q3_Menage.pdf\" target=\"_blank\" rel=\"noopener\">Q3 M\u00e9nage<\/a><br \/>\n<a href=\"https:\/\/q3software.ch\/wp-content\/uploads\/Comparaison_des_variantes_Q3_Software_association.pdf\" target=\"_blank\" rel=\"noopener\">Q3 Software association<\/a><br \/>\n<a href=\"https:\/\/q3software.ch\/wp-content\/uploads\/2023\/10\/Comparaison_des_variantes_option_q3_mailer.pdf\" target=\"_blank\" rel=\"noopener\">Q3 Mailer<\/a><\/p>\n<p>&nbsp;<\/p>\n<p style=\"text-align: center;\">Tous les autres modules et options qui ne sont pas mentionn\u00e9s ont les m\u00eames caract\u00e9ristiques dans toutes les variantes.<\/p>\n                                <\/div>\n                            <\/div>\n                        <\/div>\n                                <\/div>\n        <\/div>\n    <\/section>\n\n\n    <section class=\"block-5-dreispaltiger-text\" style=\" padding-top: rem; padding-bottom: rem;\">\n                <div class=\"container\">\n                        <div class=\"flexRow withBorder\">\n                <div class=\"col-xs-12 col-md-3 maTo3\">\n                    <div class=\"textWrap\">\n                        <p><img loading=\"lazy\" decoding=\"async\" class=\"alignnone size-full wp-image-108\" src=\"https:\/\/q3software.ch\/wp-content\/uploads\/2023\/10\/swissmadesoftware.png\" alt=\"\" width=\"200\" height=\"26\" \/><\/p>\n                    <\/div>\n                <\/div>\n                <div class=\"col-xs-12 col-md-3 maTo3\">\n                    <div class=\"textWrap\">\n                        <p style=\"text-align: center;\"><strong>FAQ \u2013 questions fr\u00e9quemment pos\u00e9es<\/strong><\/p>\n<p style=\"text-align: center;\">\n                    <\/div>\n                <\/div>\n                <div class=\"col-xs-12 col-md-3 maTo3\">\n                    <div class=\"textWrap\">\n                        <p style=\"text-align: center;\"><strong>Notre Q3 Infoline vous assiste volontiers en cas des questions!<\/strong><\/p>\n<p style=\"text-align: center;\"><strong><span class=\"redFont\">T\u00e9l. 031 511 49 49<\/span><\/strong><\/p>\n                    <\/div>\n                <\/div>\n            <\/div>\n        <\/div>\n    <\/section>\n","protected":false},"excerpt":{"rendered":"","protected":false},"author":1,"featured_media":0,"parent":0,"menu_order":0,"comment_status":"closed","ping_status":"closed","template":"","meta":{"_acf_changed":false,"inline_featured_image":false,"footnotes":""},"class_list":["post-728","page","type-page","status-publish","hentry"],"acf":[],"_links":{"self":[{"href":"https:\/\/q3software.ch\/fr\/wp-json\/wp\/v2\/pages\/728","targetHints":{"allow":["GET"]}}],"collection":[{"href":"https:\/\/q3software.ch\/fr\/wp-json\/wp\/v2\/pages"}],"about":[{"href":"https:\/\/q3software.ch\/fr\/wp-json\/wp\/v2\/types\/page"}],"author":[{"embeddable":true,"href":"https:\/\/q3software.ch\/fr\/wp-json\/wp\/v2\/users\/1"}],"replies":[{"embeddable":true,"href":"https:\/\/q3software.ch\/fr\/wp-json\/wp\/v2\/comments?post=728"}],"version-history":[{"count":108,"href":"https:\/\/q3software.ch\/fr\/wp-json\/wp\/v2\/pages\/728\/revisions"}],"predecessor-version":[{"id":7900,"href":"https:\/\/q3software.ch\/fr\/wp-json\/wp\/v2\/pages\/728\/revisions\/7900"}],"wp:attachment":[{"href":"https:\/\/q3software.ch\/fr\/wp-json\/wp\/v2\/media?parent=728"}],"curies":[{"name":"wp","href":"https:\/\/api.w.org\/{rel}","templated":true}]}}