{"id":8018,"date":"2026-02-05T10:54:34","date_gmt":"2026-02-05T10:54:34","guid":{"rendered":"https:\/\/q3software.ch\/?page_id=8018"},"modified":"2026-02-06T15:51:11","modified_gmt":"2026-02-06T15:51:11","slug":"contact","status":"publish","type":"page","link":"https:\/\/q3software.ch\/fr\/contact\/","title":{"rendered":"Contact"},"content":{"rendered":"    <section class=\"block-9-ueberschrift-blauer-hintergrund\" style=\" padding-top: rem; padding-bottom: 4rem;\">\n                <div class=\"headlineWrap\">\n            <div class=\"container\">\n                <div class=\"row\">\n                    <div class=\"col-xs-12 col-md-10 col-md-offset-1\">\n                        <h3 style=\"text-align: center;\">Contact \u2013 nous sommes \u00e0 votre disposition!<\/h3>\n                    <\/div>\n                <\/div>\n            <\/div>\n        <\/div>\n                    <div class=\"textWrap\">\n                <div class=\"container\">\n                    <div class=\"row\">\n                        <div class=\"col-xs-12 col-md-10 col-md-offset-1\">\n                            <p>Veuillez nous informer de votre demande par e-mail et nous indiquer quand vous seriez \u00e9ventuellement joignable par t\u00e9l\u00e9phone.<\/p>\n                        <\/div>\n                    <\/div>\n                <\/div>\n            <\/div>\n            <\/section>\n\n\n    <section class=\"block-8-text-mehrspaltig\" style=\" padding-top: 0rem; padding-bottom: 2rem;\">\n                <div class=\"container\">\n                        <div class=\"flexRow\">\n                                        <div class=\"col-xs-12 col-md-6 col-lg-5 col-lg-offset-1 col-xl-4 col-xl-offset-2 maTo3\">\n                            <div class=\"innerWrap\">\n                                                                        <div class=\"textWrap\">\n                                            <p style=\"text-align: center;\"><strong>Avez-vous une demande de support?<\/strong><\/p>\n<p style=\"text-align: center;\"><strong>(concernant votre programme Q3 actuel!)<\/strong><\/p>\n<p>&nbsp;<\/p>\n<p style=\"text-align: center;\">\u00c9crivez-nous un e-mail \u00e0:<\/p>\n<p style=\"text-align: center;\"><a href=\"mailto:support@q3software.ch\">support@q3software.ch<\/a><\/p>\n<p>&nbsp;<\/p>\n<p style=\"text-align: center;\"><a class=\"ctaBtn\" href=\"https:\/\/q3software.ch\/wp-content\/uploads\/Q3_Support_en_detail.pdf\" target=\"_blank\">Vers le concept de support Q3<\/a><\/p>\n                                        <\/div>\n                                                                    <\/div>\n                        <\/div>   \n                                                                    <div class=\"col-xs-12 col-md-6  col-lg-5 col-xl-4 maTo3\">\n                            <div class=\"innerWrap\">\n                                                                        <div class=\"textWrap\">\n                                            <p style=\"text-align: center;\"><strong>Avez-vous une autre demande?<\/strong><\/p>\n<p style=\"text-align: center;\"><strong>Vous vous int\u00e9ressez \u00e0 Q3 Software?<\/strong><\/p>\n<p>&nbsp;<\/p>\n<p style=\"text-align: center;\">\u00c9crivez-nous un e-mail \u00e0:<\/p>\n<p style=\"text-align: center;\"><a href=\"mailto:info@q3software.ch\">info@q3software.ch<\/a><\/p>\n<p>&nbsp;<\/p>\n<p style=\"text-align: center;\"><a class=\"ctaBtn\" href=\"https:\/\/q3software.ch\/fr\/uber-q3\/\" target=\"_blank\">En savoir plus sur Q3<\/a><\/p>\n                                        <\/div>\n                                                                    <\/div>\n                        <\/div>   \n                                                        <\/div>\n            <div class=\"heroSliderWrap\">\n                <!-- Hier k\u00f6nnen Sie den Code f\u00fcr den Hero-Slider hinzuf\u00fcgen, falls erforderlich -->\n            <\/div>\n        <\/div>\n    <\/section>\n","protected":false},"excerpt":{"rendered":"","protected":false},"author":2,"featured_media":0,"parent":0,"menu_order":0,"comment_status":"closed","ping_status":"closed","template":"","meta":{"_acf_changed":false,"inline_featured_image":false,"footnotes":""},"class_list":["post-8018","page","type-page","status-publish","hentry"],"acf":[],"_links":{"self":[{"href":"https:\/\/q3software.ch\/fr\/wp-json\/wp\/v2\/pages\/8018","targetHints":{"allow":["GET"]}}],"collection":[{"href":"https:\/\/q3software.ch\/fr\/wp-json\/wp\/v2\/pages"}],"about":[{"href":"https:\/\/q3software.ch\/fr\/wp-json\/wp\/v2\/types\/page"}],"author":[{"embeddable":true,"href":"https:\/\/q3software.ch\/fr\/wp-json\/wp\/v2\/users\/2"}],"replies":[{"embeddable":true,"href":"https:\/\/q3software.ch\/fr\/wp-json\/wp\/v2\/comments?post=8018"}],"version-history":[{"count":8,"href":"https:\/\/q3software.ch\/fr\/wp-json\/wp\/v2\/pages\/8018\/revisions"}],"predecessor-version":[{"id":8073,"href":"https:\/\/q3software.ch\/fr\/wp-json\/wp\/v2\/pages\/8018\/revisions\/8073"}],"wp:attachment":[{"href":"https:\/\/q3software.ch\/fr\/wp-json\/wp\/v2\/media?parent=8018"}],"curies":[{"name":"wp","href":"https:\/\/api.w.org\/{rel}","templated":true}]}}